{"id":3191,"date":"2024-06-06T13:37:24","date_gmt":"2024-06-06T11:37:24","guid":{"rendered":"https:\/\/steinform.com\/domaine-dapplication\/"},"modified":"2025-06-12T01:24:45","modified_gmt":"2025-06-11T23:24:45","slug":"domaine-dapplication","status":"publish","type":"page","link":"https:\/\/steinform.ch\/fr\/domaine-dapplication\/","title":{"rendered":"Domaine d\u2019application"},"content":{"rendered":"\t\t<div data-elementor-type=\"wp-page\" data-elementor-id=\"3191\" class=\"elementor elementor-3191 elementor-473\" data-elementor-post-type=\"page\">\n\t\t\t\t<div class=\"elementor-element elementor-element-51cddc3 elementor-hidden-mobile e-flex e-con-boxed e-con e-parent\" data-id=\"51cddc3\" data-element_type=\"container\" data-e-type=\"container\" data-settings=\"{&quot;background_background&quot;:&quot;classic&quot;}\">\n\t\t\t\t\t<div class=\"e-con-inner\">\n\t\t<div class=\"elementor-element elementor-element-a027857 e-con-full e-flex e-con e-child\" data-id=\"a027857\" data-element_type=\"container\" data-e-type=\"container\" data-settings=\"{&quot;background_background&quot;:&quot;classic&quot;}\">\n\t\t<div class=\"elementor-element elementor-element-a4f46ef e-flex e-con-boxed e-con e-child\" data-id=\"a4f46ef\" data-element_type=\"container\" data-e-type=\"container\">\n\t\t\t\t\t<div class=\"e-con-inner\">\n\t\t<div class=\"elementor-element elementor-element-c0036ac e-flex e-con-boxed e-con e-child\" data-id=\"c0036ac\" data-element_type=\"container\" data-e-type=\"container\">\n\t\t\t\t\t<div class=\"e-con-inner\">\n\t\t<div class=\"elementor-element elementor-element-d4ac988 e-flex e-con-boxed e-con e-child\" data-id=\"d4ac988\" data-element_type=\"container\" data-e-type=\"container\">\n\t\t\t\t\t<div class=\"e-con-inner\">\n\t\t\t\t<div class=\"elementor-element elementor-element-3e6ab68 elementor-invisible elementor-widget elementor-widget-heading\" data-id=\"3e6ab68\" data-element_type=\"widget\" data-e-type=\"widget\" data-settings=\"{&quot;_animation&quot;:&quot;fadeIn&quot;,&quot;_animation_delay&quot;:500}\" data-widget_type=\"heading.default\">\n\t\t\t\t<div class=\"elementor-widget-container\">\n\t\t\t\t\t<h1 class=\"elementor-heading-title elementor-size-default\">DOMAINES D\u2019APPLICATION<\/h1>\t\t\t\t<\/div>\n\t\t\t\t<\/div>\n\t\t\t\t<div class=\"elementor-element elementor-element-0ac6970 elementor-invisible elementor-widget elementor-widget-text-editor\" data-id=\"0ac6970\" data-element_type=\"widget\" data-e-type=\"widget\" data-settings=\"{&quot;_animation&quot;:&quot;fadeIn&quot;,&quot;_animation_delay&quot;:1000}\" data-widget_type=\"text-editor.default\">\n\t\t\t\t<div class=\"elementor-widget-container\">\n\t\t\t\t\t\t\t\t\t<p>Les possibilit\u00e9s d\u2019emploi de la pierre naturelle, de la c\u00e9ramique et du composite de quartz sont vari\u00e9es. Elles s\u2019\u00e9tendent du plan de travail en cuisine \u00e0 l\u2019am\u00e9nagement de la salle de bains, en passant par les plateaux de table \u00e0 manger et de tables basses dans les pi\u00e8ces de vie. Notre s\u00e9lection de produits et de services vous permet d\u2019apporter une touche personnelle \u00e0 votre int\u00e9rieur.  <\/p>\n\t\t\t\t\t\t\t\t<\/div>\n\t\t\t\t<\/div>\n\t\t\t\t\t<\/div>\n\t\t\t\t<\/div>\n\t\t<div class=\"elementor-element elementor-element-122a514 e-flex e-con-boxed e-con e-child\" data-id=\"122a514\" data-element_type=\"container\" data-e-type=\"container\">\n\t\t\t\t\t<div class=\"e-con-inner\">\n\t\t\t\t\t<\/div>\n\t\t\t\t<\/div>\n\t\t\t\t\t<\/div>\n\t\t\t\t<\/div>\n\t\t\t\t\t<\/div>\n\t\t\t\t<\/div>\n\t\t\t\t<\/div>\n\t\t\t\t\t<\/div>\n\t\t\t\t<\/div>\n\t\t<div class=\"elementor-element elementor-element-c749c11 elementor-hidden-desktop elementor-hidden-laptop elementor-hidden-tablet_extra elementor-hidden-tablet e-flex e-con-boxed e-con e-parent\" data-id=\"c749c11\" data-element_type=\"container\" data-e-type=\"container\" data-settings=\"{&quot;background_background&quot;:&quot;classic&quot;}\">\n\t\t\t\t\t<div class=\"e-con-inner\">\n\t\t\t\t\t<\/div>\n\t\t\t\t<\/div>\n\t\t<div class=\"elementor-element elementor-element-998ba88 elementor-hidden-desktop elementor-hidden-laptop elementor-hidden-tablet_extra elementor-hidden-tablet e-flex e-con-boxed e-con e-parent\" data-id=\"998ba88\" data-element_type=\"container\" data-e-type=\"container\" data-settings=\"{&quot;background_background&quot;:&quot;classic&quot;}\">\n\t\t\t\t\t<div class=\"e-con-inner\">\n\t\t\t\t<div class=\"elementor-element elementor-element-b2b0c62 elementor-invisible elementor-widget elementor-widget-heading\" data-id=\"b2b0c62\" data-element_type=\"widget\" data-e-type=\"widget\" data-settings=\"{&quot;_animation&quot;:&quot;fadeIn&quot;,&quot;_animation_delay&quot;:500}\" data-widget_type=\"heading.default\">\n\t\t\t\t<div class=\"elementor-widget-container\">\n\t\t\t\t\t<h1 class=\"elementor-heading-title elementor-size-default\">DOMAINES D\u2019APPLICATION<\/h1>\t\t\t\t<\/div>\n\t\t\t\t<\/div>\n\t\t\t\t\t<\/div>\n\t\t\t\t<\/div>\n\t\t<div class=\"elementor-element elementor-element-f7e2a31 e-flex e-con-boxed e-con e-parent\" data-id=\"f7e2a31\" data-element_type=\"container\" data-e-type=\"container\">\n\t\t\t\t\t<div class=\"e-con-inner\">\n\t\t<div class=\"elementor-element elementor-element-a3ec173 e-con-full e-flex e-con e-child\" data-id=\"a3ec173\" data-element_type=\"container\" data-e-type=\"container\">\n\t\t<div class=\"elementor-element elementor-element-a76b775 e-con-full e-flex e-con e-child\" data-id=\"a76b775\" data-element_type=\"container\" data-e-type=\"container\" data-settings=\"{&quot;background_background&quot;:&quot;classic&quot;}\">\n\t\t\t\t<\/div>\n\t\t\t\t<\/div>\n\t\t<div class=\"elementor-element elementor-element-468e062 e-con-full e-flex e-con e-child\" data-id=\"468e062\" data-element_type=\"container\" data-e-type=\"container\" data-settings=\"{&quot;background_background&quot;:&quot;classic&quot;}\">\n\t\t\t\t<div class=\"elementor-element elementor-element-72fe9de elementor-widget__width-auto elementor-absolute elementor-widget elementor-widget-text-editor\" data-id=\"72fe9de\" data-element_type=\"widget\" data-e-type=\"widget\" data-settings=\"{&quot;_position&quot;:&quot;absolute&quot;}\" data-widget_type=\"text-editor.default\">\n\t\t\t\t<div class=\"elementor-widget-container\">\n\t\t\t\t\t\t\t\t\t<p>CUISINES<\/p>\n\t\t\t\t\t\t\t\t<\/div>\n\t\t\t\t<\/div>\n\t\t\t\t<\/div>\n\t\t\t\t\t<\/div>\n\t\t\t\t<\/div>\n\t\t<div class=\"elementor-element elementor-element-b232b5a e-flex e-con-boxed e-con e-parent\" data-id=\"b232b5a\" data-element_type=\"container\" data-e-type=\"container\">\n\t\t\t\t\t<div class=\"e-con-inner\">\n\t\t<div class=\"elementor-element elementor-element-01dbaff e-con-full e-flex e-con e-child\" data-id=\"01dbaff\" data-element_type=\"container\" data-e-type=\"container\">\n\t\t\t\t<div class=\"elementor-element elementor-element-4da9f66 elementor-widget elementor-widget-heading\" data-id=\"4da9f66\" data-element_type=\"widget\" data-e-type=\"widget\" data-widget_type=\"heading.default\">\n\t\t\t\t<div class=\"elementor-widget-container\">\n\t\t\t\t\t<h2 class=\"elementor-heading-title elementor-size-default\">Plans de travail en pierre naturelle, c\u00e9ramique, composite de quartz et Obsidiana pour la cuisine: styl\u00e9s, robustes et faciles \u00e0 entretenir.<\/h2>\t\t\t\t<\/div>\n\t\t\t\t<\/div>\n\t\t\t\t<\/div>\n\t\t<div class=\"elementor-element elementor-element-580bbfd e-con-full e-flex e-con e-child\" data-id=\"580bbfd\" data-element_type=\"container\" data-e-type=\"container\">\n\t\t\t\t<div class=\"elementor-element elementor-element-ca2fa6d elementor-widget elementor-widget-text-editor\" data-id=\"ca2fa6d\" data-element_type=\"widget\" data-e-type=\"widget\" data-widget_type=\"text-editor.default\">\n\t\t\t\t<div class=\"elementor-widget-container\">\n\t\t\t\t\t\t\t\t\t<p>D\u00e9couvrez les avantages de ces mat\u00e9riaux de grande qualit\u00e9 pour votre cuisine: durabilit\u00e9, \u00e9l\u00e9gance et polyvalence. Les plans de travail en granit existent dans de nombreuses couleurs, surfaces et textures. Chaque pi\u00e8ce est donc un produit naturel unique qui donne du caract\u00e8re \u00e0 votre cuisine. <\/p>\n<p>Les plans de travail en c\u00e9ramique pr\u00e9sentent un aspect moderne et \u00e9l\u00e9gant. Ils sont tr\u00e8s r\u00e9sistants aux rayures, \u00e0 la chaleur et aux taches.<\/p>\n<p>Quant aux plans de travail en composite de quartz, ils allient la beaut\u00e9 naturelle du quartz \u00e0 une technologie de pointe. Leur surface homog\u00e8ne est facile \u00e0 entretenir. Outre une durabilit\u00e9 incomparable, les plans de travail en Obsidiana produits \u00e0 partir de verre recycl\u00e9 offrent de nombreuses autres caract\u00e9ristiques pratiques.  <\/p>\n<p>Nos experts fabriquent votre plan de travail sur mesure, selon vos souhaits. Ils se rendent \u00e0 votre domicile et prennent les mesures exactes sur place afin de garantir un ajustement parfait. Qu\u2019il s\u2019agisse de d\u00e9coupes pour les \u00e9viers et les plaques de cuisson, d\u2019une conception personnalis\u00e9e des chants ou d\u2019\u00e9l\u00e9gantes rainures d\u2019\u00e9gouttage, nous veillons \u00e0 ce que votre plan de travail ne soit pas seulement fonctionnel, mais \u00e9galement superbe. Nos plans de travail proviennent de Suisse, d\u2019Europe et du monde entier, ce qui nous permet de vous proposer une multitude de textures et de couleurs extraordinaires.   <\/p>\t\t\t\t\t\t\t\t<\/div>\n\t\t\t\t<\/div>\n\t\t\t\t<div class=\"elementor-element elementor-element-612a027 elementor-widget elementor-widget-button\" data-id=\"612a027\" data-element_type=\"widget\" data-e-type=\"widget\" data-widget_type=\"button.default\">\n\t\t\t\t<div class=\"elementor-widget-container\">\n\t\t\t\t\t\t\t\t\t<div class=\"elementor-button-wrapper\">\n\t\t\t\t\t<a class=\"elementor-button elementor-button-link elementor-size-sm\" href=\"https:\/\/steinform.ch\/fr\/domaine-dapplication\/cuisine\/\">\n\t\t\t\t\t\t<span class=\"elementor-button-content-wrapper\">\n\t\t\t\t\t\t\t\t\t<span class=\"elementor-button-text\">EN SAVOIR PLUS<\/span>\n\t\t\t\t\t<\/span>\n\t\t\t\t\t<\/a>\n\t\t\t\t<\/div>\n\t\t\t\t\t\t\t\t<\/div>\n\t\t\t\t<\/div>\n\t\t\t\t<\/div>\n\t\t\t\t\t<\/div>\n\t\t\t\t<\/div>\n\t\t<div class=\"elementor-element elementor-element-6d07e4c e-flex e-con-boxed e-con e-parent\" data-id=\"6d07e4c\" data-element_type=\"container\" data-e-type=\"container\">\n\t\t\t\t\t<div class=\"e-con-inner\">\n\t\t\t\t<div class=\"elementor-element elementor-element-f24f0be elementor-widget-divider--view-line elementor-widget elementor-widget-divider\" data-id=\"f24f0be\" data-element_type=\"widget\" data-e-type=\"widget\" data-widget_type=\"divider.default\">\n\t\t\t\t<div class=\"elementor-widget-container\">\n\t\t\t\t\t\t\t<div class=\"elementor-divider\">\n\t\t\t<span class=\"elementor-divider-separator\">\n\t\t\t\t\t\t<\/span>\n\t\t<\/div>\n\t\t\t\t\t\t<\/div>\n\t\t\t\t<\/div>\n\t\t\t\t\t<\/div>\n\t\t\t\t<\/div>\n\t\t<div class=\"elementor-element elementor-element-7fde647 e-flex e-con-boxed e-con e-parent\" data-id=\"7fde647\" data-element_type=\"container\" data-e-type=\"container\">\n\t\t\t\t\t<div class=\"e-con-inner\">\n\t\t<div class=\"elementor-element elementor-element-f567338 e-con-full e-flex e-con e-child\" data-id=\"f567338\" data-element_type=\"container\" data-e-type=\"container\">\n\t\t<div class=\"elementor-element elementor-element-b5ce447 e-con-full e-flex e-con e-child\" data-id=\"b5ce447\" data-element_type=\"container\" data-e-type=\"container\" data-settings=\"{&quot;background_background&quot;:&quot;classic&quot;}\">\n\t\t\t\t<\/div>\n\t\t\t\t<\/div>\n\t\t<div class=\"elementor-element elementor-element-d248d32 e-con-full e-flex e-con e-child\" data-id=\"d248d32\" data-element_type=\"container\" data-e-type=\"container\" data-settings=\"{&quot;background_background&quot;:&quot;classic&quot;}\">\n\t\t\t\t<div class=\"elementor-element elementor-element-bbee87b elementor-widget__width-auto elementor-absolute elementor-widget elementor-widget-text-editor\" data-id=\"bbee87b\" data-element_type=\"widget\" data-e-type=\"widget\" data-settings=\"{&quot;_position&quot;:&quot;absolute&quot;}\" data-widget_type=\"text-editor.default\">\n\t\t\t\t<div class=\"elementor-widget-container\">\n\t\t\t\t\t\t\t\t\t<p>SALLE DE BAINS<\/p>\n\t\t\t\t\t\t\t\t<\/div>\n\t\t\t\t<\/div>\n\t\t\t\t<\/div>\n\t\t\t\t\t<\/div>\n\t\t\t\t<\/div>\n\t\t<div class=\"elementor-element elementor-element-7cc8311 e-flex e-con-boxed e-con e-parent\" data-id=\"7cc8311\" data-element_type=\"container\" data-e-type=\"container\">\n\t\t\t\t\t<div class=\"e-con-inner\">\n\t\t<div class=\"elementor-element elementor-element-f1ce5ee e-con-full e-flex e-con e-child\" data-id=\"f1ce5ee\" data-element_type=\"container\" data-e-type=\"container\">\n\t\t\t\t<div class=\"elementor-element elementor-element-de6c02a elementor-widget elementor-widget-heading\" data-id=\"de6c02a\" data-element_type=\"widget\" data-e-type=\"widget\" data-widget_type=\"heading.default\">\n\t\t\t\t<div class=\"elementor-widget-container\">\n\t\t\t\t\t<h2 class=\"elementor-heading-title elementor-size-default\">Lavabos et plans de toilette: un design \u00e9l\u00e9gant pour votre salle de bains.<\/h2>\t\t\t\t<\/div>\n\t\t\t\t<\/div>\n\t\t\t\t<\/div>\n\t\t<div class=\"elementor-element elementor-element-bfd8352 e-con-full e-flex e-con e-child\" data-id=\"bfd8352\" data-element_type=\"container\" data-e-type=\"container\">\n\t\t\t\t<div class=\"elementor-element elementor-element-42cf484 elementor-widget elementor-widget-text-editor\" data-id=\"42cf484\" data-element_type=\"widget\" data-e-type=\"widget\" data-widget_type=\"text-editor.default\">\n\t\t\t\t<div class=\"elementor-widget-container\">\n\t\t\t\t\t\t\t\t\t<p>D\u00e9couvrez la beaut\u00e9 et la fonctionnalit\u00e9 de la pierre naturelle dans votre salle de bains. Que vous optiez pour une double vasque moderne ou pour une simple vasque \u00e9l\u00e9gante, les lavabos et plans de toilette en pierre naturelle sont une affirmation de soi sur laquelle le temps n\u2019a pas d\u2019emprise. <\/p>\n<p>Ajoutez une touche majestueuse \u00e0 votre salle d\u2019eau avec un lavabo sur pied massif, une vasque \u00e9pur\u00e9e ou un lavabo taill\u00e9 dans un magnifique plan de toilette en granit. C\u2019est dans la salle de bains que la pierre naturelle r\u00e9v\u00e8le atouts caract\u00e9ristiques: robustesse, durabilit\u00e9, r\u00e9sistance et toucher agr\u00e9able. Ovale, ronde ou carr\u00e9e, polie miroir ou naturelle, chaque pi\u00e8ce est une \u0153uvre d\u2019art \u00e0 nulle autre pareille.  <\/p>\n<p>Individuel et unique: chacun de nos lavabos en pierre naturelle est fabriqu\u00e9 avec professionnalisme pour devenir une \u0153uvre unique. Donnez du caract\u00e8re \u00e0 votre salle de bains et \u00e0 vos WC invit\u00e9s avec des d\u00e9grad\u00e9s de couleurs et des veinures incomparables. Faites votre choix parmi notre vaste assortiment et transformez votre salle de bains en une oasis de bien-\u00eatre intemporelle.  <\/p>\t\t\t\t\t\t\t\t<\/div>\n\t\t\t\t<\/div>\n\t\t\t\t<div class=\"elementor-element elementor-element-cc4c9a9 elementor-widget elementor-widget-button\" data-id=\"cc4c9a9\" data-element_type=\"widget\" data-e-type=\"widget\" data-widget_type=\"button.default\">\n\t\t\t\t<div class=\"elementor-widget-container\">\n\t\t\t\t\t\t\t\t\t<div class=\"elementor-button-wrapper\">\n\t\t\t\t\t<a class=\"elementor-button elementor-button-link elementor-size-sm\" href=\"https:\/\/steinform.ch\/fr\/domaine-dapplication\/salle-de-bains\/\">\n\t\t\t\t\t\t<span class=\"elementor-button-content-wrapper\">\n\t\t\t\t\t\t\t\t\t<span class=\"elementor-button-text\">EN SAVOIR PLUS<\/span>\n\t\t\t\t\t<\/span>\n\t\t\t\t\t<\/a>\n\t\t\t\t<\/div>\n\t\t\t\t\t\t\t\t<\/div>\n\t\t\t\t<\/div>\n\t\t\t\t<\/div>\n\t\t\t\t\t<\/div>\n\t\t\t\t<\/div>\n\t\t<div class=\"elementor-element elementor-element-32bb3f2 e-flex e-con-boxed e-con e-parent\" data-id=\"32bb3f2\" data-element_type=\"container\" data-e-type=\"container\">\n\t\t\t\t\t<div class=\"e-con-inner\">\n\t\t\t\t<div class=\"elementor-element elementor-element-6c9a4cd elementor-widget-divider--view-line elementor-widget elementor-widget-divider\" data-id=\"6c9a4cd\" data-element_type=\"widget\" data-e-type=\"widget\" data-widget_type=\"divider.default\">\n\t\t\t\t<div class=\"elementor-widget-container\">\n\t\t\t\t\t\t\t<div class=\"elementor-divider\">\n\t\t\t<span class=\"elementor-divider-separator\">\n\t\t\t\t\t\t<\/span>\n\t\t<\/div>\n\t\t\t\t\t\t<\/div>\n\t\t\t\t<\/div>\n\t\t\t\t\t<\/div>\n\t\t\t\t<\/div>\n\t\t<div class=\"elementor-element elementor-element-7b84514 e-flex e-con-boxed e-con e-parent\" data-id=\"7b84514\" data-element_type=\"container\" data-e-type=\"container\">\n\t\t\t\t\t<div class=\"e-con-inner\">\n\t\t<div class=\"elementor-element elementor-element-19e40b5 e-con-full e-flex e-con e-child\" data-id=\"19e40b5\" data-element_type=\"container\" data-e-type=\"container\">\n\t\t<div class=\"elementor-element elementor-element-d7b6c16 e-con-full e-flex e-con e-child\" data-id=\"d7b6c16\" data-element_type=\"container\" data-e-type=\"container\" data-settings=\"{&quot;background_background&quot;:&quot;classic&quot;}\">\n\t\t\t\t<\/div>\n\t\t\t\t<\/div>\n\t\t<div class=\"elementor-element elementor-element-e09f1ff e-con-full e-flex e-con e-child\" data-id=\"e09f1ff\" data-element_type=\"container\" data-e-type=\"container\" data-settings=\"{&quot;background_background&quot;:&quot;classic&quot;}\">\n\t\t\t\t<div class=\"elementor-element elementor-element-0a3c57a elementor-widget__width-auto elementor-absolute elementor-widget elementor-widget-text-editor\" data-id=\"0a3c57a\" data-element_type=\"widget\" data-e-type=\"widget\" data-settings=\"{&quot;_position&quot;:&quot;absolute&quot;}\" data-widget_type=\"text-editor.default\">\n\t\t\t\t<div class=\"elementor-widget-container\">\n\t\t\t\t\t\t\t\t\t<p>SALON<\/p>\n\t\t\t\t\t\t\t\t<\/div>\n\t\t\t\t<\/div>\n\t\t\t\t<\/div>\n\t\t\t\t\t<\/div>\n\t\t\t\t<\/div>\n\t\t<div class=\"elementor-element elementor-element-d3cd13f e-flex e-con-boxed e-con e-parent\" data-id=\"d3cd13f\" data-element_type=\"container\" data-e-type=\"container\">\n\t\t\t\t\t<div class=\"e-con-inner\">\n\t\t<div class=\"elementor-element elementor-element-1900cdf e-con-full e-flex e-con e-child\" data-id=\"1900cdf\" data-element_type=\"container\" data-e-type=\"container\">\n\t\t\t\t<div class=\"elementor-element elementor-element-b26e66f elementor-widget elementor-widget-heading\" data-id=\"b26e66f\" data-element_type=\"widget\" data-e-type=\"widget\" data-widget_type=\"heading.default\">\n\t\t\t\t<div class=\"elementor-widget-container\">\n\t\t\t\t\t<h2 class=\"elementor-heading-title elementor-size-default\">Faites l\u2019exp\u00e9rience de la beaut\u00e9 et de la fonctionnalit\u00e9 de la pierre naturelle dans votre espace de vie.<\/h2>\t\t\t\t<\/div>\n\t\t\t\t<\/div>\n\t\t\t\t<\/div>\n\t\t<div class=\"elementor-element elementor-element-e4e10c9 e-con-full e-flex e-con e-child\" data-id=\"e4e10c9\" data-element_type=\"container\" data-e-type=\"container\">\n\t\t\t\t<div class=\"elementor-element elementor-element-c0158b2 elementor-widget elementor-widget-text-editor\" data-id=\"c0158b2\" data-element_type=\"widget\" data-e-type=\"widget\" data-widget_type=\"text-editor.default\">\n\t\t\t\t<div class=\"elementor-widget-container\">\n\t\t\t\t\t\t\t\t\tSous forme d\u2019un \u00e9l\u00e9gant habillage de chemin\u00e9e, d\u2019un banc de po\u00eale confortable ou d\u2019un beau plateau de table, la pierre naturelle apporte une \u00e9l\u00e9gance intemporelle \u00e0 votre int\u00e9rieur. Ajoutez une touche majestueuse \u00e0 votre pi\u00e8ce de vie avec un plateau de table singulier, un habillage massif autour de votre chemin\u00e9e ou un banc de po\u00eale styl\u00e9 en granit noble. C\u2019est dans votre salon que le granit d\u00e9ploiera toutes ses caract\u00e9ristiques: robustesse, durabilit\u00e9, r\u00e9sistance et toucher agr\u00e9able. Qu\u2019elle soit polie lisse ou satin\u00e9e, chaque pi\u00e8ce est unique. Faites votre choix parmi notre large gamme de pierres naturelles et de c\u00e9ramiques et transformez votre int\u00e9rieur en une oasis de bien-\u00eatre intemporelle.\n\n  \n\n\t\t\t\t\t\t\t\t<\/div>\n\t\t\t\t<\/div>\n\t\t\t\t<div class=\"elementor-element elementor-element-eab1a77 elementor-widget elementor-widget-button\" data-id=\"eab1a77\" data-element_type=\"widget\" data-e-type=\"widget\" data-widget_type=\"button.default\">\n\t\t\t\t<div class=\"elementor-widget-container\">\n\t\t\t\t\t\t\t\t\t<div class=\"elementor-button-wrapper\">\n\t\t\t\t\t<a class=\"elementor-button elementor-button-link elementor-size-sm\" href=\"https:\/\/steinform.ch\/fr\/domaine-dapplication\/salon\/\">\n\t\t\t\t\t\t<span class=\"elementor-button-content-wrapper\">\n\t\t\t\t\t\t\t\t\t<span class=\"elementor-button-text\">EN SAVOIR PLUS<\/span>\n\t\t\t\t\t<\/span>\n\t\t\t\t\t<\/a>\n\t\t\t\t<\/div>\n\t\t\t\t\t\t\t\t<\/div>\n\t\t\t\t<\/div>\n\t\t\t\t<\/div>\n\t\t\t\t\t<\/div>\n\t\t\t\t<\/div>\n\t\t<div class=\"elementor-element elementor-element-28e784c e-flex e-con-boxed e-con e-parent\" data-id=\"28e784c\" data-element_type=\"container\" data-e-type=\"container\" data-settings=\"{&quot;background_background&quot;:&quot;classic&quot;}\">\n\t\t\t\t\t<div class=\"e-con-inner\">\n\t\t<div class=\"elementor-element elementor-element-d186d94 e-con-full e-flex e-con e-child\" data-id=\"d186d94\" data-element_type=\"container\" data-e-type=\"container\">\n\t\t\t\t<div class=\"elementor-element elementor-element-e4fe456 elementor-widget elementor-widget-heading\" data-id=\"e4fe456\" data-element_type=\"widget\" data-e-type=\"widget\" data-widget_type=\"heading.default\">\n\t\t\t\t<div class=\"elementor-widget-container\">\n\t\t\t\t\t<h3 class=\"elementor-heading-title elementor-size-default\">Visitez notre exposition pour d\u00e9couvrir les nombreuses possibilit\u00e9s qui s\u2019offrent \u00e0 vous.<\/h3>\t\t\t\t<\/div>\n\t\t\t\t<\/div>\n\t\t\t\t<div class=\"elementor-element elementor-element-5fdafc0 elementor-align-center elementor-widget elementor-widget-button\" data-id=\"5fdafc0\" data-element_type=\"widget\" data-e-type=\"widget\" data-widget_type=\"button.default\">\n\t\t\t\t<div class=\"elementor-widget-container\">\n\t\t\t\t\t\t\t\t\t<div class=\"elementor-button-wrapper\">\n\t\t\t\t\t<a class=\"elementor-button elementor-button-link elementor-size-sm\" href=\"https:\/\/steinform.ch\/fr\/contact\/\">\n\t\t\t\t\t\t<span class=\"elementor-button-content-wrapper\">\n\t\t\t\t\t\t\t\t\t<span class=\"elementor-button-text\">PRENDRE RENDEZ-VOUS<\/span>\n\t\t\t\t\t<\/span>\n\t\t\t\t\t<\/a>\n\t\t\t\t<\/div>\n\t\t\t\t\t\t\t\t<\/div>\n\t\t\t\t<\/div>\n\t\t\t\t<\/div>\n\t\t\t\t\t<\/div>\n\t\t\t\t<\/div>\n\t\t\t\t<\/div>\n\t\t","protected":false},"excerpt":{"rendered":"<p>DOMAINES D\u2019APPLICATION Les possibilit\u00e9s d\u2019emploi de la pierre naturelle, de la c\u00e9ramique et du composite de quartz sont vari\u00e9es. Elles s\u2019\u00e9tendent du plan de travail en cuisine \u00e0 l\u2019am\u00e9nagement de la salle de bains, en passant par les plateaux de table \u00e0 manger et de tables basses dans les pi\u00e8ces de vie. Notre s\u00e9lection de [&hellip;]<\/p>\n","protected":false},"author":1,"featured_media":0,"parent":0,"menu_order":0,"comment_status":"closed","ping_status":"closed","template":"elementor_header_footer","meta":{"footnotes":""},"class_list":["post-3191","page","type-page","status-publish","hentry"],"_links":{"self":[{"href":"https:\/\/steinform.ch\/fr\/wp-json\/wp\/v2\/pages\/3191","targetHints":{"allow":["GET"]}}],"collection":[{"href":"https:\/\/steinform.ch\/fr\/wp-json\/wp\/v2\/pages"}],"about":[{"href":"https:\/\/steinform.ch\/fr\/wp-json\/wp\/v2\/types\/page"}],"author":[{"embeddable":true,"href":"https:\/\/steinform.ch\/fr\/wp-json\/wp\/v2\/users\/1"}],"replies":[{"embeddable":true,"href":"https:\/\/steinform.ch\/fr\/wp-json\/wp\/v2\/comments?post=3191"}],"version-history":[{"count":10,"href":"https:\/\/steinform.ch\/fr\/wp-json\/wp\/v2\/pages\/3191\/revisions"}],"predecessor-version":[{"id":5224,"href":"https:\/\/steinform.ch\/fr\/wp-json\/wp\/v2\/pages\/3191\/revisions\/5224"}],"wp:attachment":[{"href":"https:\/\/steinform.ch\/fr\/wp-json\/wp\/v2\/media?parent=3191"}],"curies":[{"name":"wp","href":"https:\/\/api.w.org\/{rel}","templated":true}]}}