{"id":3197,"date":"2024-06-11T14:57:17","date_gmt":"2024-06-11T12:57:17","guid":{"rendered":"https:\/\/steinform.com\/domaine-dapplication\/salon\/"},"modified":"2026-02-17T19:02:53","modified_gmt":"2026-02-17T18:02:53","slug":"salon","status":"publish","type":"page","link":"https:\/\/steinform.ch\/fr\/domaine-dapplication\/salon\/","title":{"rendered":"Salon"},"content":{"rendered":"\t\t<div data-elementor-type=\"wp-page\" data-elementor-id=\"3197\" class=\"elementor elementor-3197 elementor-1630\" data-elementor-post-type=\"page\">\n\t\t\t\t<div class=\"elementor-element elementor-element-8609905 elementor-hidden-mobile e-flex e-con-boxed e-con e-parent\" data-id=\"8609905\" data-element_type=\"container\" data-e-type=\"container\">\n\t\t\t\t\t<div class=\"e-con-inner\">\n\t\t<div class=\"elementor-element elementor-element-fcf9fc0 e-con-full e-flex e-con e-child\" data-id=\"fcf9fc0\" data-element_type=\"container\" data-e-type=\"container\" data-settings=\"{&quot;background_background&quot;:&quot;classic&quot;}\">\n\t\t<div class=\"elementor-element elementor-element-018a7af e-flex e-con-boxed e-con e-child\" data-id=\"018a7af\" data-element_type=\"container\" data-e-type=\"container\">\n\t\t\t\t\t<div class=\"e-con-inner\">\n\t\t<div class=\"elementor-element elementor-element-c98c786 e-flex e-con-boxed e-con e-child\" data-id=\"c98c786\" data-element_type=\"container\" data-e-type=\"container\">\n\t\t\t\t\t<div class=\"e-con-inner\">\n\t\t<div class=\"elementor-element elementor-element-342769f e-flex e-con-boxed e-con e-child\" data-id=\"342769f\" data-element_type=\"container\" data-e-type=\"container\">\n\t\t\t\t\t<div class=\"e-con-inner\">\n\t\t\t\t<div class=\"elementor-element elementor-element-5c63df4 elementor-invisible elementor-widget elementor-widget-heading\" data-id=\"5c63df4\" data-element_type=\"widget\" data-e-type=\"widget\" data-settings=\"{&quot;_animation&quot;:&quot;fadeIn&quot;,&quot;_animation_delay&quot;:500}\" data-widget_type=\"heading.default\">\n\t\t\t\t<div class=\"elementor-widget-container\">\n\t\t\t\t\t<h1 class=\"elementor-heading-title elementor-size-default\">SALON<\/h1>\t\t\t\t<\/div>\n\t\t\t\t<\/div>\n\t\t\t\t<div class=\"elementor-element elementor-element-a424a59 elementor-invisible elementor-widget elementor-widget-text-editor\" data-id=\"a424a59\" data-element_type=\"widget\" data-e-type=\"widget\" data-settings=\"{&quot;_animation&quot;:&quot;fadeIn&quot;,&quot;_animation_delay&quot;:1000}\" data-widget_type=\"text-editor.default\">\n\t\t\t\t<div class=\"elementor-widget-container\">\n\t\t\t\t\t\t\t\t\t<p>De par leur beaut\u00e9 naturelle et leur \u00e9l\u00e9gance, la pierre naturelle et la c\u00e9ramique conf\u00e8rent un charme particulier \u00e0 votre espace de vie. Chaque dalle de notre assortiment est une pi\u00e8ce unique qui apporte un caract\u00e8re individuel \u00e0 votre int\u00e9rieur. <\/p>\t\t\t\t\t\t\t\t<\/div>\n\t\t\t\t<\/div>\n\t\t\t\t\t<\/div>\n\t\t\t\t<\/div>\n\t\t<div class=\"elementor-element elementor-element-7c27310 e-flex e-con-boxed e-con e-child\" data-id=\"7c27310\" data-element_type=\"container\" data-e-type=\"container\">\n\t\t\t\t\t<div class=\"e-con-inner\">\n\t\t\t\t\t<\/div>\n\t\t\t\t<\/div>\n\t\t\t\t\t<\/div>\n\t\t\t\t<\/div>\n\t\t\t\t\t<\/div>\n\t\t\t\t<\/div>\n\t\t\t\t<\/div>\n\t\t\t\t\t<\/div>\n\t\t\t\t<\/div>\n\t\t<div class=\"elementor-element elementor-element-c4913f9 elementor-hidden-desktop elementor-hidden-laptop elementor-hidden-tablet_extra elementor-hidden-tablet e-flex e-con-boxed e-con e-parent\" data-id=\"c4913f9\" data-element_type=\"container\" data-e-type=\"container\" data-settings=\"{&quot;background_background&quot;:&quot;classic&quot;}\">\n\t\t\t\t\t<div class=\"e-con-inner\">\n\t\t\t\t\t<\/div>\n\t\t\t\t<\/div>\n\t\t<div class=\"elementor-element elementor-element-01db595 elementor-hidden-desktop elementor-hidden-laptop elementor-hidden-tablet_extra elementor-hidden-tablet e-flex e-con-boxed e-con e-parent\" data-id=\"01db595\" data-element_type=\"container\" data-e-type=\"container\" data-settings=\"{&quot;background_background&quot;:&quot;classic&quot;}\">\n\t\t\t\t\t<div class=\"e-con-inner\">\n\t\t\t\t<div class=\"elementor-element elementor-element-eae3f7a elementor-invisible elementor-widget elementor-widget-heading\" data-id=\"eae3f7a\" data-element_type=\"widget\" data-e-type=\"widget\" data-settings=\"{&quot;_animation&quot;:&quot;fadeIn&quot;,&quot;_animation_delay&quot;:500}\" data-widget_type=\"heading.default\">\n\t\t\t\t<div class=\"elementor-widget-container\">\n\t\t\t\t\t<h1 class=\"elementor-heading-title elementor-size-default\">SALON<\/h1>\t\t\t\t<\/div>\n\t\t\t\t<\/div>\n\t\t\t\t\t<\/div>\n\t\t\t\t<\/div>\n\t\t<div class=\"elementor-element elementor-element-6f44e8a e-flex e-con-boxed e-con e-parent\" data-id=\"6f44e8a\" data-element_type=\"container\" data-e-type=\"container\">\n\t\t\t\t\t<div class=\"e-con-inner\">\n\t\t\t\t<div class=\"elementor-element elementor-element-ef26d53 elementor-widget elementor-widget-heading\" data-id=\"ef26d53\" data-element_type=\"widget\" data-e-type=\"widget\" data-widget_type=\"heading.default\">\n\t\t\t\t<div class=\"elementor-widget-container\">\n\t\t\t\t\t<h2 class=\"elementor-heading-title elementor-size-default\">Tables sur mesure: concevez la table de vos r\u00eaves<\/h2>\t\t\t\t<\/div>\n\t\t\t\t<\/div>\n\t\t\t\t<div class=\"elementor-element elementor-element-d734122 elementor-widget elementor-widget-text-editor\" data-id=\"d734122\" data-element_type=\"widget\" data-e-type=\"widget\" data-widget_type=\"text-editor.default\">\n\t\t\t\t<div class=\"elementor-widget-container\">\n\t\t\t\t\t\t\t\t\tTable \u00e0 manger impressionnante, table basse \u00e9l\u00e9gante ou table d\u2019appoint discr\u00e8te: les tables en pierre s\u2019int\u00e8grent parfaitement dans votre pi\u00e8ce. Rectangulaire, ovale, ronde ou carr\u00e9e, vous avez le choix de la forme. Nos tailleurs de pierre exp\u00e9riment\u00e9s fabriquent chaque table selon vos souhaits, en personnalisant m\u00eame la finition des chants et le traitement de la surface.  \t\t\t\t\t\t\t\t<\/div>\n\t\t\t\t<\/div>\n\t\t\t\t\t<\/div>\n\t\t\t\t<\/div>\n\t\t<div class=\"elementor-element elementor-element-de2c3d2 e-flex e-con-boxed e-con e-parent\" data-id=\"de2c3d2\" data-element_type=\"container\" data-e-type=\"container\">\n\t\t\t\t\t<div class=\"e-con-inner\">\n\t\t<div class=\"elementor-element elementor-element-b279d27 e-flex e-con-boxed e-con e-child\" data-id=\"b279d27\" data-element_type=\"container\" data-e-type=\"container\" data-settings=\"{&quot;background_background&quot;:&quot;classic&quot;}\">\n\t\t\t\t\t<div class=\"e-con-inner\">\n\t\t<div class=\"elementor-element elementor-element-df27cdd e-con-full e-flex e-con e-child\" data-id=\"df27cdd\" data-element_type=\"container\" data-e-type=\"container\">\n\t\t\t\t<div class=\"elementor-element elementor-element-b422409 elementor-widget elementor-widget-text-editor\" data-id=\"b422409\" data-element_type=\"widget\" data-e-type=\"widget\" data-widget_type=\"text-editor.default\">\n\t\t\t\t<div class=\"elementor-widget-container\">\n\t\t\t\t\t\t\t\t\t<p>NATURSTEIN<\/p>\t\t\t\t\t\t\t\t<\/div>\n\t\t\t\t<\/div>\n\t\t\t\t<div class=\"elementor-element elementor-element-86125fc elementor-widget elementor-widget-heading\" data-id=\"86125fc\" data-element_type=\"widget\" data-e-type=\"widget\" data-widget_type=\"heading.default\">\n\t\t\t\t<div class=\"elementor-widget-container\">\n\t\t\t\t\t<h2 class=\"elementor-heading-title elementor-size-default\">L\u2019\u00e9l\u00e9gance intemporelle pour votre espace de vie<\/h2>\t\t\t\t<\/div>\n\t\t\t\t<\/div>\n\t\t\t\t<div class=\"elementor-element elementor-element-09ee8d4 elementor-widget elementor-widget-text-editor\" data-id=\"09ee8d4\" data-element_type=\"widget\" data-e-type=\"widget\" data-widget_type=\"text-editor.default\">\n\t\t\t\t<div class=\"elementor-widget-container\">\n\t\t\t\t\t\t\t\t\t<p>La pierre naturelle est un mat\u00e9riau unique, fa\u00e7onn\u00e9 au cours d\u2019une histoire g\u00e9ologique vieille de plusieurs millions d\u2019ann\u00e9es. Chaque pierre naturelle est une pi\u00e8ce unique qui conf\u00e8re une esth\u00e9tique incomparable \u00e0 vos espaces. <\/p><p>Facile \u00e0 entretenir et r\u00e9sistante, il suffit de nettoyer r\u00e9guli\u00e8rement la pierre naturelle avec un d\u00e9tergent doux. Des impr\u00e9gnations sp\u00e9ciales offrent une protection suppl\u00e9mentaire et facilitent l\u2019entretien. <\/p>\t\t\t\t\t\t\t\t<\/div>\n\t\t\t\t<\/div>\n\t\t\t\t<div class=\"elementor-element elementor-element-8ddd4b2 elementor-widget elementor-widget-button\" data-id=\"8ddd4b2\" data-element_type=\"widget\" data-e-type=\"widget\" data-widget_type=\"button.default\">\n\t\t\t\t<div class=\"elementor-widget-container\">\n\t\t\t\t\t\t\t\t\t<div class=\"elementor-button-wrapper\">\n\t\t\t\t\t<a class=\"elementor-button elementor-button-link elementor-size-sm\" href=\"https:\/\/steinform.ch\/fr\/pierre-naturelle\/\">\n\t\t\t\t\t\t<span class=\"elementor-button-content-wrapper\">\n\t\t\t\t\t\t\t\t\t<span class=\"elementor-button-text\">EN SAVOIR PLUS<\/span>\n\t\t\t\t\t<\/span>\n\t\t\t\t\t<\/a>\n\t\t\t\t<\/div>\n\t\t\t\t\t\t\t\t<\/div>\n\t\t\t\t<\/div>\n\t\t\t\t<\/div>\n\t\t<div class=\"elementor-element elementor-element-36745dd e-con-full e-flex e-con e-child\" data-id=\"36745dd\" data-element_type=\"container\" data-e-type=\"container\" data-settings=\"{&quot;background_background&quot;:&quot;classic&quot;}\">\n\t\t<div class=\"elementor-element elementor-element-05e907e e-con-full e-flex e-con e-child\" data-id=\"05e907e\" data-element_type=\"container\" data-e-type=\"container\" data-settings=\"{&quot;background_background&quot;:&quot;classic&quot;}\">\n\t\t\t\t<\/div>\n\t\t\t\t<\/div>\n\t\t\t\t\t<\/div>\n\t\t\t\t<\/div>\n\t\t\t\t\t<\/div>\n\t\t\t\t<\/div>\n\t\t<div class=\"elementor-element elementor-element-4160374 e-flex e-con-boxed e-con e-parent\" data-id=\"4160374\" data-element_type=\"container\" data-e-type=\"container\">\n\t\t\t\t\t<div class=\"e-con-inner\">\n\t\t<div class=\"elementor-element elementor-element-b6d5b50 e-flex e-con-boxed e-con e-child\" data-id=\"b6d5b50\" data-element_type=\"container\" data-e-type=\"container\" data-settings=\"{&quot;background_background&quot;:&quot;classic&quot;}\">\n\t\t\t\t\t<div class=\"e-con-inner\">\n\t\t<div class=\"elementor-element elementor-element-07fa57e e-con-full e-flex e-con e-child\" data-id=\"07fa57e\" data-element_type=\"container\" data-e-type=\"container\">\n\t\t\t\t<div class=\"elementor-element elementor-element-1696414 elementor-widget elementor-widget-text-editor\" data-id=\"1696414\" data-element_type=\"widget\" data-e-type=\"widget\" data-widget_type=\"text-editor.default\">\n\t\t\t\t<div class=\"elementor-widget-container\">\n\t\t\t\t\t\t\t\t\t<p>C\u00c9RAMIQUE<\/p>\t\t\t\t\t\t\t\t<\/div>\n\t\t\t\t<\/div>\n\t\t\t\t<div class=\"elementor-element elementor-element-365dc44 elementor-widget elementor-widget-heading\" data-id=\"365dc44\" data-element_type=\"widget\" data-e-type=\"widget\" data-widget_type=\"heading.default\">\n\t\t\t\t<div class=\"elementor-widget-container\">\n\t\t\t\t\t<h2 class=\"elementor-heading-title elementor-size-default\">L\u2019\u00e9l\u00e9gance fonctionnelle pour votre espace de vie<\/h2>\t\t\t\t<\/div>\n\t\t\t\t<\/div>\n\t\t\t\t<div class=\"elementor-element elementor-element-4d0856d elementor-widget elementor-widget-text-editor\" data-id=\"4d0856d\" data-element_type=\"widget\" data-e-type=\"widget\" data-widget_type=\"text-editor.default\">\n\t\t\t\t<div class=\"elementor-widget-container\">\n\t\t\t\t\t\t\t\t\t<p>La c\u00e9ramique s\u00e9duit par sa polyvalence et son \u00e9l\u00e9gance intemporelle. Avec ses multiples designs, couleurs et surfaces, elle vous offre la possibilit\u00e9 de concevoir un espace de vie selon vos id\u00e9es et votre style. <\/p>\t\t\t\t\t\t\t\t<\/div>\n\t\t\t\t<\/div>\n\t\t\t\t<div class=\"elementor-element elementor-element-fe94f70 elementor-widget elementor-widget-button\" data-id=\"fe94f70\" data-element_type=\"widget\" data-e-type=\"widget\" data-widget_type=\"button.default\">\n\t\t\t\t<div class=\"elementor-widget-container\">\n\t\t\t\t\t\t\t\t\t<div class=\"elementor-button-wrapper\">\n\t\t\t\t\t<a class=\"elementor-button elementor-button-link elementor-size-sm\" href=\"https:\/\/steinform.ch\/fr\/ceramique\/\">\n\t\t\t\t\t\t<span class=\"elementor-button-content-wrapper\">\n\t\t\t\t\t\t\t\t\t<span class=\"elementor-button-text\">EN SAVOIR PLUS<\/span>\n\t\t\t\t\t<\/span>\n\t\t\t\t\t<\/a>\n\t\t\t\t<\/div>\n\t\t\t\t\t\t\t\t<\/div>\n\t\t\t\t<\/div>\n\t\t\t\t<\/div>\n\t\t<div class=\"elementor-element elementor-element-22d5352 e-con-full e-flex e-con e-child\" data-id=\"22d5352\" data-element_type=\"container\" data-e-type=\"container\" data-settings=\"{&quot;background_background&quot;:&quot;classic&quot;}\">\n\t\t<div class=\"elementor-element elementor-element-32c31fd e-flex e-con-boxed e-con e-child\" data-id=\"32c31fd\" data-element_type=\"container\" data-e-type=\"container\" data-settings=\"{&quot;background_background&quot;:&quot;classic&quot;}\">\n\t\t\t\t\t<div class=\"e-con-inner\">\n\t\t\t\t\t<\/div>\n\t\t\t\t<\/div>\n\t\t\t\t<\/div>\n\t\t\t\t\t<\/div>\n\t\t\t\t<\/div>\n\t\t\t\t\t<\/div>\n\t\t\t\t<\/div>\n\t\t<div class=\"elementor-element elementor-element-90ec89e hide-temp e-flex e-con-boxed e-con e-parent\" data-id=\"90ec89e\" data-element_type=\"container\" data-e-type=\"container\">\n\t\t\t\t\t<div class=\"e-con-inner\">\n\t\t<div class=\"elementor-element elementor-element-7114b72 e-flex e-con-boxed e-con e-child\" data-id=\"7114b72\" data-element_type=\"container\" data-e-type=\"container\" data-settings=\"{&quot;background_background&quot;:&quot;classic&quot;}\">\n\t\t\t\t\t<div class=\"e-con-inner\">\n\t\t<div class=\"elementor-element elementor-element-34687ba e-con-full e-flex e-con e-child\" data-id=\"34687ba\" data-element_type=\"container\" data-e-type=\"container\">\n\t\t\t\t<div class=\"elementor-element elementor-element-5425de2 elementor-widget elementor-widget-text-editor\" data-id=\"5425de2\" data-element_type=\"widget\" data-e-type=\"widget\" data-widget_type=\"text-editor.default\">\n\t\t\t\t<div class=\"elementor-widget-container\">\n\t\t\t\t\t\t\t\t\t<p>THEWALL\u00ae<\/p>\t\t\t\t\t\t\t\t<\/div>\n\t\t\t\t<\/div>\n\t\t\t\t<div class=\"elementor-element elementor-element-de36c57 elementor-widget elementor-widget-heading\" data-id=\"de36c57\" data-element_type=\"widget\" data-e-type=\"widget\" data-widget_type=\"heading.default\">\n\t\t\t\t<div class=\"elementor-widget-container\">\n\t\t\t\t\t<h2 class=\"elementor-heading-title elementor-size-default\">Le mur multifonction flexible pour votre espace de vie.<\/h2>\t\t\t\t<\/div>\n\t\t\t\t<\/div>\n\t\t\t\t<div class=\"elementor-element elementor-element-889f7e0 elementor-widget elementor-widget-text-editor\" data-id=\"889f7e0\" data-element_type=\"widget\" data-e-type=\"widget\" data-widget_type=\"text-editor.default\">\n\t\t\t\t<div class=\"elementor-widget-container\">\n\t\t\t\t\t\t\t\t\t<p>THEWALL\u00ae bringt Funktionalit\u00e4t und Design harmonisch in Ihren Wohnbereich. Die pr\u00e4mierte Multifunktionswand kann individuell mit Ihrem Wunschmaterial belegt werden und f\u00fcgt sich nahtlos in Ihr Einrichtungskonzept ein. <\/p><p>Die patentierte Stromschiene erm\u00f6glicht die kreative Platzierung von Leuchten und verschiedenen Accessoires, die Ihren Wohnraum aufwerten. Mit THEWALL\u00ae gestalten Sie flexible Displayfl\u00e4chen f\u00fcr Ihre pers\u00f6nlichen Gegenst\u00e4nde oder schaffen funktionale Bereiche mit Ablagefl\u00e4chen und Beleuchtung. Ideal auch als Homeoffice-L\u00f6sung.  <\/p><p>Entdecken Sie die Vielseitigkeit von THEWALL\u00ae.<\/p>\t\t\t\t\t\t\t\t<\/div>\n\t\t\t\t<\/div>\n\t\t\t\t<div class=\"elementor-element elementor-element-00b30ca elementor-widget elementor-widget-button\" data-id=\"00b30ca\" data-element_type=\"widget\" data-e-type=\"widget\" data-widget_type=\"button.default\">\n\t\t\t\t<div class=\"elementor-widget-container\">\n\t\t\t\t\t\t\t\t\t<div class=\"elementor-button-wrapper\">\n\t\t\t\t\t<a class=\"elementor-button elementor-button-link elementor-size-sm\" href=\"https:\/\/steinform.ch\/fr\/thewall\/\">\n\t\t\t\t\t\t<span class=\"elementor-button-content-wrapper\">\n\t\t\t\t\t\t\t\t\t<span class=\"elementor-button-text\">EN SAVOIR PLUS<\/span>\n\t\t\t\t\t<\/span>\n\t\t\t\t\t<\/a>\n\t\t\t\t<\/div>\n\t\t\t\t\t\t\t\t<\/div>\n\t\t\t\t<\/div>\n\t\t\t\t<\/div>\n\t\t<div class=\"elementor-element elementor-element-9d1b842 e-con-full e-flex e-con e-child\" data-id=\"9d1b842\" data-element_type=\"container\" data-e-type=\"container\" data-settings=\"{&quot;background_background&quot;:&quot;classic&quot;}\">\n\t\t<div class=\"elementor-element elementor-element-5161c59 e-flex e-con-boxed e-con e-child\" data-id=\"5161c59\" data-element_type=\"container\" data-e-type=\"container\" data-settings=\"{&quot;background_background&quot;:&quot;classic&quot;}\">\n\t\t\t\t\t<div class=\"e-con-inner\">\n\t\t\t\t\t<\/div>\n\t\t\t\t<\/div>\n\t\t\t\t<\/div>\n\t\t\t\t\t<\/div>\n\t\t\t\t<\/div>\n\t\t\t\t\t<\/div>\n\t\t\t\t<\/div>\n\t\t<div class=\"elementor-element elementor-element-720828f e-flex e-con-boxed e-con e-parent\" data-id=\"720828f\" data-element_type=\"container\" data-e-type=\"container\">\n\t\t\t\t\t<div class=\"e-con-inner\">\n\t\t<div class=\"elementor-element elementor-element-f3c3b93 e-flex e-con-boxed e-con e-child\" data-id=\"f3c3b93\" data-element_type=\"container\" data-e-type=\"container\" data-settings=\"{&quot;background_background&quot;:&quot;classic&quot;}\">\n\t\t\t\t\t<div class=\"e-con-inner\">\n\t\t<div class=\"elementor-element elementor-element-0c08ad1 e-con-full e-flex e-con e-child\" data-id=\"0c08ad1\" data-element_type=\"container\" data-e-type=\"container\">\n\t\t\t\t<div class=\"elementor-element elementor-element-8317acf elementor-widget elementor-widget-text-editor\" data-id=\"8317acf\" data-element_type=\"widget\" data-e-type=\"widget\" data-widget_type=\"text-editor.default\">\n\t\t\t\t<div class=\"elementor-widget-container\">\n\t\t\t\t\t\t\t\t\t<p>REVIVOSTONE\u00ae<\/p>\t\t\t\t\t\t\t\t<\/div>\n\t\t\t\t<\/div>\n\t\t\t\t<div class=\"elementor-element elementor-element-56059bb elementor-widget elementor-widget-heading\" data-id=\"56059bb\" data-element_type=\"widget\" data-e-type=\"widget\" data-widget_type=\"heading.default\">\n\t\t\t\t<div class=\"elementor-widget-container\">\n\t\t\t\t\t<h2 class=\"elementor-heading-title elementor-size-default\">Le plan de travail responsable pour votre espace de vie.<\/h2>\t\t\t\t<\/div>\n\t\t\t\t<\/div>\n\t\t\t\t<div class=\"elementor-element elementor-element-064c01a elementor-widget elementor-widget-text-editor\" data-id=\"064c01a\" data-element_type=\"widget\" data-e-type=\"widget\" data-widget_type=\"text-editor.default\">\n\t\t\t\t<div class=\"elementor-widget-container\">\n\t\t\t\t\t\t\t\t\t<p>RevivoStone\u00ae apporte harmonieusement durabilit\u00e9 et design dans votre espace de vie. Le plan detravail innovant \u00e0 base de 100 % de min\u00e9raux recycl\u00e9s peut \u00eatre choisi dans dix couleurs inspirantes ets\u2019int\u00e8gre parfaitement dans votre concept d\u2019am\u00e9nagement. <\/p><p>Avec RevivoStone\u00ae, vous am\u00e9nagez des espaces fonctionnels avec des surfaces de travail et cr\u00e9ez enm\u00eame temps une d\u00e9claration en faveur d\u2019un habitat respectueux de l\u2019environnement. La production\u00e9conome en \u00e9nergie et le circuit d\u2019eau ferm\u00e9 soulignent la pens\u00e9e \u00e9cologique. Id\u00e9al aussi commesolution de bureau \u00e0 domicile.  <\/p><p>D\u00e9couvrez la polyvalence de RevivoStone\u00ae et donnez \u00e0 votre espace de vie un caract\u00e8re individuelavec la plus grande utilit\u00e9 pratique et la responsabilit\u00e9 \u00e9cologique.<\/p>\t\t\t\t\t\t\t\t<\/div>\n\t\t\t\t<\/div>\n\t\t\t\t<div class=\"elementor-element elementor-element-5f94986 elementor-widget elementor-widget-button\" data-id=\"5f94986\" data-element_type=\"widget\" data-e-type=\"widget\" data-widget_type=\"button.default\">\n\t\t\t\t<div class=\"elementor-widget-container\">\n\t\t\t\t\t\t\t\t\t<div class=\"elementor-button-wrapper\">\n\t\t\t\t\t<a class=\"elementor-button elementor-button-link elementor-size-sm\" href=\"https:\/\/steinform.ch\/fr\/revivostone\/\">\n\t\t\t\t\t\t<span class=\"elementor-button-content-wrapper\">\n\t\t\t\t\t\t\t\t\t<span class=\"elementor-button-text\">EN SAVOIR PLUS<\/span>\n\t\t\t\t\t<\/span>\n\t\t\t\t\t<\/a>\n\t\t\t\t<\/div>\n\t\t\t\t\t\t\t\t<\/div>\n\t\t\t\t<\/div>\n\t\t\t\t<\/div>\n\t\t<div class=\"elementor-element elementor-element-dc70b2e e-con-full e-flex e-con e-child\" data-id=\"dc70b2e\" data-element_type=\"container\" data-e-type=\"container\" data-settings=\"{&quot;background_background&quot;:&quot;classic&quot;}\">\n\t\t<div class=\"elementor-element elementor-element-0df70af e-flex e-con-boxed e-con e-child\" data-id=\"0df70af\" data-element_type=\"container\" data-e-type=\"container\" data-settings=\"{&quot;background_background&quot;:&quot;classic&quot;}\">\n\t\t\t\t\t<div class=\"e-con-inner\">\n\t\t\t\t\t<\/div>\n\t\t\t\t<\/div>\n\t\t\t\t<\/div>\n\t\t\t\t\t<\/div>\n\t\t\t\t<\/div>\n\t\t\t\t\t<\/div>\n\t\t\t\t<\/div>\n\t\t\t\t<\/div>\n\t\t","protected":false},"excerpt":{"rendered":"<p>SALON De par leur beaut\u00e9 naturelle et leur \u00e9l\u00e9gance, la pierre naturelle et la c\u00e9ramique conf\u00e8rent un charme particulier \u00e0 votre espace de vie. Chaque dalle de notre assortiment est une pi\u00e8ce unique qui apporte un caract\u00e8re individuel \u00e0 votre int\u00e9rieur. SALON Tables sur mesure: concevez la table de vos r\u00eaves Table \u00e0 manger impressionnante, [&hellip;]<\/p>\n","protected":false},"author":1,"featured_media":0,"parent":3191,"menu_order":0,"comment_status":"closed","ping_status":"closed","template":"elementor_header_footer","meta":{"footnotes":""},"class_list":["post-3197","page","type-page","status-publish","hentry"],"_links":{"self":[{"href":"https:\/\/steinform.ch\/fr\/wp-json\/wp\/v2\/pages\/3197","targetHints":{"allow":["GET"]}}],"collection":[{"href":"https:\/\/steinform.ch\/fr\/wp-json\/wp\/v2\/pages"}],"about":[{"href":"https:\/\/steinform.ch\/fr\/wp-json\/wp\/v2\/types\/page"}],"author":[{"embeddable":true,"href":"https:\/\/steinform.ch\/fr\/wp-json\/wp\/v2\/users\/1"}],"replies":[{"embeddable":true,"href":"https:\/\/steinform.ch\/fr\/wp-json\/wp\/v2\/comments?post=3197"}],"version-history":[{"count":20,"href":"https:\/\/steinform.ch\/fr\/wp-json\/wp\/v2\/pages\/3197\/revisions"}],"predecessor-version":[{"id":7196,"href":"https:\/\/steinform.ch\/fr\/wp-json\/wp\/v2\/pages\/3197\/revisions\/7196"}],"up":[{"embeddable":true,"href":"https:\/\/steinform.ch\/fr\/wp-json\/wp\/v2\/pages\/3191"}],"wp:attachment":[{"href":"https:\/\/steinform.ch\/fr\/wp-json\/wp\/v2\/media?parent=3197"}],"curies":[{"name":"wp","href":"https:\/\/api.w.org\/{rel}","templated":true}]}}