{"id":3203,"date":"2024-06-11T17:33:26","date_gmt":"2024-06-11T15:33:26","guid":{"rendered":"https:\/\/steinform.com\/obsidiana\/"},"modified":"2026-02-18T17:31:13","modified_gmt":"2026-02-18T16:31:13","slug":"obsidiana","status":"publish","type":"page","link":"https:\/\/steinform.ch\/fr\/obsidiana\/","title":{"rendered":"Obsidiana"},"content":{"rendered":"<p class=\"attachment\"><a href='https:\/\/steinform.ch\/wp-content\/uploads\/2025\/07\/Volcano-Cloud-Obsidiana.jpg'><img decoding=\"async\" width=\"300\" height=\"120\" src=\"https:\/\/steinform.ch\/wp-content\/uploads\/2025\/07\/Volcano-Cloud-Obsidiana-300x120.jpg\" class=\"attachment-medium size-medium\" alt=\"\" srcset=\"https:\/\/steinform.ch\/wp-content\/uploads\/2025\/07\/Volcano-Cloud-Obsidiana-300x120.jpg 300w, https:\/\/steinform.ch\/wp-content\/uploads\/2025\/07\/Volcano-Cloud-Obsidiana-1024x410.jpg 1024w, https:\/\/steinform.ch\/wp-content\/uploads\/2025\/07\/Volcano-Cloud-Obsidiana-768x307.jpg 768w, https:\/\/steinform.ch\/wp-content\/uploads\/2025\/07\/Volcano-Cloud-Obsidiana-1536x614.jpg 1536w, https:\/\/steinform.ch\/wp-content\/uploads\/2025\/07\/Volcano-Cloud-Obsidiana-2048x819.jpg 2048w\" sizes=\"(max-width: 300px) 100vw, 300px\" \/><\/a><\/p>\n\t\t<div data-elementor-type=\"wp-page\" data-elementor-id=\"3203\" class=\"elementor elementor-3203 elementor-1797\" data-elementor-post-type=\"page\">\n\t\t\t\t<div class=\"elementor-element elementor-element-6ca7f07 elementor-hidden-mobile e-flex e-con-boxed e-con e-parent\" data-id=\"6ca7f07\" data-element_type=\"container\" data-e-type=\"container\">\n\t\t\t\t\t<div class=\"e-con-inner\">\n\t\t<div class=\"elementor-element elementor-element-cb0a6c8 e-con-full e-flex e-con e-child\" data-id=\"cb0a6c8\" data-element_type=\"container\" data-e-type=\"container\" data-settings=\"{&quot;background_background&quot;:&quot;classic&quot;}\">\n\t\t<div class=\"elementor-element elementor-element-a7030c0 e-flex e-con-boxed e-con e-child\" data-id=\"a7030c0\" data-element_type=\"container\" data-e-type=\"container\">\n\t\t\t\t\t<div class=\"e-con-inner\">\n\t\t<div class=\"elementor-element elementor-element-9af1f1e e-flex e-con-boxed e-con e-child\" data-id=\"9af1f1e\" data-element_type=\"container\" data-e-type=\"container\">\n\t\t\t\t\t<div class=\"e-con-inner\">\n\t\t<div class=\"elementor-element elementor-element-f906758 e-flex e-con-boxed e-con e-child\" data-id=\"f906758\" data-element_type=\"container\" data-e-type=\"container\">\n\t\t\t\t\t<div class=\"e-con-inner\">\n\t\t\t\t<div class=\"elementor-element elementor-element-212ea28 elementor-invisible elementor-widget elementor-widget-heading\" data-id=\"212ea28\" data-element_type=\"widget\" data-e-type=\"widget\" data-settings=\"{&quot;_animation&quot;:&quot;fadeIn&quot;,&quot;_animation_delay&quot;:500}\" data-widget_type=\"heading.default\">\n\t\t\t\t<div class=\"elementor-widget-container\">\n\t\t\t\t\t<h1 class=\"elementor-heading-title elementor-size-default\">Obsidiana<\/h1>\t\t\t\t<\/div>\n\t\t\t\t<\/div>\n\t\t\t\t<div class=\"elementor-element elementor-element-beadeac elementor-invisible elementor-widget elementor-widget-text-editor\" data-id=\"beadeac\" data-element_type=\"widget\" data-e-type=\"widget\" data-settings=\"{&quot;_animation&quot;:&quot;fadeIn&quot;,&quot;_animation_delay&quot;:1000}\" data-widget_type=\"text-editor.default\">\n\t\t\t\t<div class=\"elementor-widget-container\">\n\t\t\t\t\t\t\t\t\t<p>Pouvant \u00eatre compos\u00e9e enti\u00e8rement de verre recycl\u00e9, cette alternative durable est id\u00e9ale pour les plans de travail de cuisine et les plans de toilette de salle de bains.<\/p>\n\t\t\t\t\t\t\t\t<\/div>\n\t\t\t\t<\/div>\n\t\t\t\t\t<\/div>\n\t\t\t\t<\/div>\n\t\t<div class=\"elementor-element elementor-element-4ea455a e-flex e-con-boxed e-con e-child\" data-id=\"4ea455a\" data-element_type=\"container\" data-e-type=\"container\">\n\t\t\t\t\t<div class=\"e-con-inner\">\n\t\t\t\t\t<\/div>\n\t\t\t\t<\/div>\n\t\t\t\t\t<\/div>\n\t\t\t\t<\/div>\n\t\t\t\t\t<\/div>\n\t\t\t\t<\/div>\n\t\t\t\t<\/div>\n\t\t\t\t\t<\/div>\n\t\t\t\t<\/div>\n\t\t<div class=\"elementor-element elementor-element-6c9e5b0 elementor-hidden-desktop elementor-hidden-laptop elementor-hidden-tablet_extra elementor-hidden-tablet e-flex e-con-boxed e-con e-parent\" data-id=\"6c9e5b0\" data-element_type=\"container\" data-e-type=\"container\" data-settings=\"{&quot;background_background&quot;:&quot;classic&quot;}\">\n\t\t\t\t\t<div class=\"e-con-inner\">\n\t\t\t\t\t<\/div>\n\t\t\t\t<\/div>\n\t\t<div class=\"elementor-element elementor-element-5ead636 elementor-hidden-desktop elementor-hidden-laptop elementor-hidden-tablet_extra elementor-hidden-tablet e-flex e-con-boxed e-con e-parent\" data-id=\"5ead636\" data-element_type=\"container\" data-e-type=\"container\" data-settings=\"{&quot;background_background&quot;:&quot;classic&quot;}\">\n\t\t\t\t\t<div class=\"e-con-inner\">\n\t\t\t\t<div class=\"elementor-element elementor-element-1d2cacd elementor-invisible elementor-widget elementor-widget-heading\" data-id=\"1d2cacd\" data-element_type=\"widget\" data-e-type=\"widget\" data-settings=\"{&quot;_animation&quot;:&quot;fadeIn&quot;,&quot;_animation_delay&quot;:500}\" data-widget_type=\"heading.default\">\n\t\t\t\t<div class=\"elementor-widget-container\">\n\t\t\t\t\t<h1 class=\"elementor-heading-title elementor-size-default\">OBSIDIANA<\/h1>\t\t\t\t<\/div>\n\t\t\t\t<\/div>\n\t\t\t\t\t<\/div>\n\t\t\t\t<\/div>\n\t\t<div class=\"elementor-element elementor-element-0f8492d e-flex e-con-boxed e-con e-parent\" data-id=\"0f8492d\" data-element_type=\"container\" data-e-type=\"container\">\n\t\t\t\t\t<div class=\"e-con-inner\">\n\t\t\t\t<div class=\"elementor-element elementor-element-10250de elementor-widget elementor-widget-heading\" data-id=\"10250de\" data-element_type=\"widget\" data-e-type=\"widget\" data-widget_type=\"heading.default\">\n\t\t\t\t<div class=\"elementor-widget-container\">\n\t\t\t\t\t<h2 class=\"elementor-heading-title elementor-size-default\">L\u2019id\u00e9al pour des projets durables<\/h2>\t\t\t\t<\/div>\n\t\t\t\t<\/div>\n\t\t\t\t<div class=\"elementor-element elementor-element-11b02e1 elementor-widget elementor-widget-text-editor\" data-id=\"11b02e1\" data-element_type=\"widget\" data-e-type=\"widget\" data-widget_type=\"text-editor.default\">\n\t\t\t\t<div class=\"elementor-widget-container\">\n\t\t\t\t\t\t\t\t\t<p>Steinform mise sur des produits innovants et respectueux de l\u2019environnement. Obsidiana est fabriqu\u00e9e \u00e0 partir de verre recycl\u00e9, en utilisant une \u00e9nergie enti\u00e8rement renouvelable et 95 % d\u2019eau recycl\u00e9e. Ces proc\u00e9d\u00e9s de production durables r\u00e9duisent consid\u00e9rablement l\u2019impact environnemental et soutiennent l\u2019\u00e9conomie circulaire.  <\/p>\n<p>Les plans de travail en Obsidiana ont une longue dur\u00e9e de vie et r\u00e9sistent aux rayures comme aux temp\u00e9ratures \u00e9lev\u00e9es. Ces caract\u00e9ristiques en font le mat\u00e9riau id\u00e9al pour la cuisine et la salle de bains. Il est facile \u00e0 entretenir: il suffit d\u2019un d\u00e9tergent doux et d\u2019un chiffon humide pour maintenir une surface impeccable. Sa structure non poreuse emp\u00eache la salet\u00e9 de p\u00e9n\u00e9trer en profondeur et donc la prolif\u00e9ration de micro-organismes, ce qui le rend particuli\u00e8rement hygi\u00e9nique.   <\/p>\n<p>Obsidiana de Steinform existe en huit coloris et deux finitions de surface (polie et glac\u00e9e), ce qui vous permet de trouver l\u2019esth\u00e9tique qui convient le mieux dans votre cuisine ou votre salle de bains.<\/p>\n\t\t\t\t\t\t\t\t<\/div>\n\t\t\t\t<\/div>\n\t\t\t\t\t<\/div>\n\t\t\t\t<\/div>\n\t\t<div class=\"elementor-element elementor-element-54a680a e-flex e-con-boxed e-con e-parent\" data-id=\"54a680a\" data-element_type=\"container\" data-e-type=\"container\" data-settings=\"{&quot;background_background&quot;:&quot;classic&quot;}\">\n\t\t\t\t\t<div class=\"e-con-inner\">\n\t\t<div class=\"elementor-element elementor-element-1240475 e-flex e-con-boxed e-con e-child\" data-id=\"1240475\" data-element_type=\"container\" data-e-type=\"container\" data-settings=\"{&quot;background_background&quot;:&quot;classic&quot;}\">\n\t\t\t\t\t<div class=\"e-con-inner\">\n\t\t\t\t<div class=\"elementor-element elementor-element-718605f elementor-widget elementor-widget-heading\" data-id=\"718605f\" data-element_type=\"widget\" data-e-type=\"widget\" data-widget_type=\"heading.default\">\n\t\t\t\t<div class=\"elementor-widget-container\">\n\t\t\t\t\t<h2 class=\"elementor-heading-title elementor-size-default\">S\u00e9lectionnez le design de votre choix.<\/h2>\t\t\t\t<\/div>\n\t\t\t\t<\/div>\n\t\t\t\t<div class=\"elementor-element elementor-element-5ce8d0d elementor-widget elementor-widget-shortcode\" data-id=\"5ce8d0d\" data-element_type=\"widget\" data-e-type=\"widget\" data-widget_type=\"shortcode.default\">\n\t\t\t\t<div class=\"elementor-widget-container\">\n\t\t\t\t\t\t\t<div class=\"elementor-shortcode\">    <div class=\"fat-gallery overflow-hidden  col-padding-5 fat-gallery-move\"\n         id=\"fat-gallery-69f21c5f8b05d\">\n        <div\n            class=\"fat-gallery-wrapper fat-col-md-4 grid\"\n            data-section-id=\"69f21c5f8b05d\"\n            id=\"fat-gallery-container-69f21c5f8b05d\"\n            data-columns=\"4\" style=\"opacity: 0\">\n\n                    <div class=\"fat-gallery-item hover-dir  fat-light-gallery\" data-gallery=\"5556\" data-sub-html=\"#69f21c5f8d4d2\" data-src=\"https:\/\/steinform.ch\/wp-content\/uploads\/2025\/07\/Volcano-Warm-Obsidiana.jpg\"  data-index=\"2\">\n            <div class=\"fat-thumbnail \" data-width=\"475\"\n     data-height=\"475\" data-lazy-src=\"https:\/\/steinform.ch\/wp-content\/uploads\/2025\/07\/Volcano-Warm-Obsidiana-475x475.jpg\"\n     data-alt=\"Volcano-Warm-(Obsidiana)\"\n>\n    <a class=\"fat-image-clickable\" href=\"javascript:void(0)\"><\/a>\n            <img fetchpriority=\"high\" decoding=\"async\" width=\"475\" height=\"475\"\n             src=\"https:\/\/steinform.ch\/wp-content\/uploads\/2025\/07\/Volcano-Warm-Obsidiana-475x475.jpg\" alt=\"Volcano-Warm-(Obsidiana)\" \/>\n        <div class=\"fat-thumbnail-hover\">\n        <div class=\"fat-hover-outer\">\n            <div class=\"fat-hover-inner line-height-1\">\n                <div class=\"fat-gallery-icon\">\n                    <a href=\"https:\/\/steinform.ch\/wp-content\/uploads\/2025\/07\/Volcano-Warm-Obsidiana.jpg\" target=\"_blank\"  data-exthumbimage=\"https:\/\/steinform.ch\/wp-content\/uploads\/2025\/07\/Volcano-Warm-Obsidiana.jpg\"\n                       class=\"magnific-popup  mfp-image gallery-2192\"\n                       data-gallery=\"2192\"\n                       data-iframe = ''\n                       data-extra-title-link=\"\"\n                       data-excerpt = \"Volcano Warm\"\n                       title=\"Volcano-Warm-(Obsidiana)\">\n                        <i class=\"fa fa-search\"><\/i>\n                    <\/a>\n                <\/div>\n                                                    <div class=\"fat-gallery-excerpt\">\n                        Volcano Warm                    <\/div>\n                            <\/div>\n        <\/div>\n    <\/div>\n<\/div>            <div id=\"69f21c5f8d4d2\" style=\"display: none\">\n                <div>Volcano-Warm-(Obsidiana)<\/div>\n                <div>Volcano Warm<\/div>\n            <\/div>\n        <\/div>\n                <div class=\"fat-gallery-item hover-dir  fat-light-gallery\" data-gallery=\"5553\" data-sub-html=\"#69f21c5f8d618\" data-src=\"https:\/\/steinform.ch\/wp-content\/uploads\/2025\/07\/Volcano-Pearl-Obsidiana.jpg\"  data-index=\"3\">\n            <div class=\"fat-thumbnail \" data-width=\"475\"\n     data-height=\"475\" data-lazy-src=\"https:\/\/steinform.ch\/wp-content\/uploads\/2025\/07\/Volcano-Pearl-Obsidiana-475x475.jpg\"\n     data-alt=\"Volcano-Pearl-(Obsidiana)\"\n>\n    <a class=\"fat-image-clickable\" href=\"javascript:void(0)\"><\/a>\n            <img decoding=\"async\" width=\"475\" height=\"475\"\n             src=\"https:\/\/steinform.ch\/wp-content\/uploads\/2025\/07\/Volcano-Pearl-Obsidiana-475x475.jpg\" alt=\"Volcano-Pearl-(Obsidiana)\" \/>\n        <div class=\"fat-thumbnail-hover\">\n        <div class=\"fat-hover-outer\">\n            <div class=\"fat-hover-inner line-height-1\">\n                <div class=\"fat-gallery-icon\">\n                    <a href=\"https:\/\/steinform.ch\/wp-content\/uploads\/2025\/07\/Volcano-Pearl-Obsidiana.jpg\" target=\"_blank\"  data-exthumbimage=\"https:\/\/steinform.ch\/wp-content\/uploads\/2025\/07\/Volcano-Pearl-Obsidiana.jpg\"\n                       class=\"magnific-popup  mfp-image gallery-2192\"\n                       data-gallery=\"2192\"\n                       data-iframe = ''\n                       data-extra-title-link=\"\"\n                       data-excerpt = \"Volcano Pearl\"\n                       title=\"Volcano-Pearl-(Obsidiana)\">\n                        <i class=\"fa fa-search\"><\/i>\n                    <\/a>\n                <\/div>\n                                                    <div class=\"fat-gallery-excerpt\">\n                        Volcano Pearl                    <\/div>\n                            <\/div>\n        <\/div>\n    <\/div>\n<\/div>            <div id=\"69f21c5f8d618\" style=\"display: none\">\n                <div>Volcano-Pearl-(Obsidiana)<\/div>\n                <div>Volcano Pearl<\/div>\n            <\/div>\n        <\/div>\n                <div class=\"fat-gallery-item hover-dir  fat-light-gallery\" data-gallery=\"5544\" data-sub-html=\"#69f21c5f8d6d4\" data-src=\"https:\/\/steinform.ch\/wp-content\/uploads\/2025\/07\/Volcano-Dim-Obsidiana.jpg\"  data-index=\"4\">\n            <div class=\"fat-thumbnail \" data-width=\"475\"\n     data-height=\"475\" data-lazy-src=\"https:\/\/steinform.ch\/wp-content\/uploads\/2025\/07\/Volcano-Dim-Obsidiana-475x475.jpg\"\n     data-alt=\"Volcano-Dim-(Obsidiana)\"\n>\n    <a class=\"fat-image-clickable\" href=\"javascript:void(0)\"><\/a>\n            <img loading=\"lazy\" decoding=\"async\" width=\"475\" height=\"475\"\n             src=\"https:\/\/steinform.ch\/wp-content\/uploads\/2025\/07\/Volcano-Dim-Obsidiana-475x475.jpg\" alt=\"Volcano-Dim-(Obsidiana)\" \/>\n        <div class=\"fat-thumbnail-hover\">\n        <div class=\"fat-hover-outer\">\n            <div class=\"fat-hover-inner line-height-1\">\n                <div class=\"fat-gallery-icon\">\n                    <a href=\"https:\/\/steinform.ch\/wp-content\/uploads\/2025\/07\/Volcano-Dim-Obsidiana.jpg\" target=\"_blank\"  data-exthumbimage=\"https:\/\/steinform.ch\/wp-content\/uploads\/2025\/07\/Volcano-Dim-Obsidiana.jpg\"\n                       class=\"magnific-popup  mfp-image gallery-2192\"\n                       data-gallery=\"2192\"\n                       data-iframe = ''\n                       data-extra-title-link=\"\"\n                       data-excerpt = \"Volcano Dim\"\n                       title=\"Volcano-Dim-(Obsidiana)\">\n                        <i class=\"fa fa-search\"><\/i>\n                    <\/a>\n                <\/div>\n                                                    <div class=\"fat-gallery-excerpt\">\n                        Volcano Dim                    <\/div>\n                            <\/div>\n        <\/div>\n    <\/div>\n<\/div>            <div id=\"69f21c5f8d6d4\" style=\"display: none\">\n                <div>Volcano-Dim-(Obsidiana)<\/div>\n                <div>Volcano Dim<\/div>\n            <\/div>\n        <\/div>\n                <div class=\"fat-gallery-item hover-dir  fat-light-gallery\" data-gallery=\"5541\" data-sub-html=\"#69f21c5f8d77f\" data-src=\"https:\/\/steinform.ch\/wp-content\/uploads\/2025\/07\/Volcano-Dark-Obsidiana.jpg\"  data-index=\"5\">\n            <div class=\"fat-thumbnail \" data-width=\"475\"\n     data-height=\"475\" data-lazy-src=\"https:\/\/steinform.ch\/wp-content\/uploads\/2025\/07\/Volcano-Dark-Obsidiana-475x475.jpg\"\n     data-alt=\"Volcano-Dark-(Obsidiana)\"\n>\n    <a class=\"fat-image-clickable\" href=\"javascript:void(0)\"><\/a>\n            <img loading=\"lazy\" decoding=\"async\" width=\"475\" height=\"475\"\n             src=\"https:\/\/steinform.ch\/wp-content\/uploads\/2025\/07\/Volcano-Dark-Obsidiana-475x475.jpg\" alt=\"Volcano-Dark-(Obsidiana)\" \/>\n        <div class=\"fat-thumbnail-hover\">\n        <div class=\"fat-hover-outer\">\n            <div class=\"fat-hover-inner line-height-1\">\n                <div class=\"fat-gallery-icon\">\n                    <a href=\"https:\/\/steinform.ch\/wp-content\/uploads\/2025\/07\/Volcano-Dark-Obsidiana.jpg\" target=\"_blank\"  data-exthumbimage=\"https:\/\/steinform.ch\/wp-content\/uploads\/2025\/07\/Volcano-Dark-Obsidiana.jpg\"\n                       class=\"magnific-popup  mfp-image gallery-2192\"\n                       data-gallery=\"2192\"\n                       data-iframe = ''\n                       data-extra-title-link=\"\"\n                       data-excerpt = \"Volcano Dark\"\n                       title=\"Volcano-Dark-(Obsidiana)\">\n                        <i class=\"fa fa-search\"><\/i>\n                    <\/a>\n                <\/div>\n                                                    <div class=\"fat-gallery-excerpt\">\n                        Volcano Dark                    <\/div>\n                            <\/div>\n        <\/div>\n    <\/div>\n<\/div>            <div id=\"69f21c5f8d77f\" style=\"display: none\">\n                <div>Volcano-Dark-(Obsidiana)<\/div>\n                <div>Volcano Dark<\/div>\n            <\/div>\n        <\/div>\n                <div class=\"fat-gallery-item hover-dir  fat-light-gallery\" data-gallery=\"5538\" data-sub-html=\"#69f21c5f8d82e\" data-src=\"https:\/\/steinform.ch\/wp-content\/uploads\/2025\/07\/Volcano-Cool-Obsidiana.jpg\"  data-index=\"6\">\n            <div class=\"fat-thumbnail \" data-width=\"475\"\n     data-height=\"475\" data-lazy-src=\"https:\/\/steinform.ch\/wp-content\/uploads\/2025\/07\/Volcano-Cool-Obsidiana-475x475.jpg\"\n     data-alt=\"Volcano-Cool--(Obsidiana)\"\n>\n    <a class=\"fat-image-clickable\" href=\"javascript:void(0)\"><\/a>\n            <img loading=\"lazy\" decoding=\"async\" width=\"475\" height=\"475\"\n             src=\"https:\/\/steinform.ch\/wp-content\/uploads\/2025\/07\/Volcano-Cool-Obsidiana-475x475.jpg\" alt=\"Volcano-Cool--(Obsidiana)\" \/>\n        <div class=\"fat-thumbnail-hover\">\n        <div class=\"fat-hover-outer\">\n            <div class=\"fat-hover-inner line-height-1\">\n                <div class=\"fat-gallery-icon\">\n                    <a href=\"https:\/\/steinform.ch\/wp-content\/uploads\/2025\/07\/Volcano-Cool-Obsidiana.jpg\" target=\"_blank\"  data-exthumbimage=\"https:\/\/steinform.ch\/wp-content\/uploads\/2025\/07\/Volcano-Cool-Obsidiana.jpg\"\n                       class=\"magnific-popup  mfp-image gallery-2192\"\n                       data-gallery=\"2192\"\n                       data-iframe = ''\n                       data-extra-title-link=\"\"\n                       data-excerpt = \"Volcano Cool\"\n                       title=\"Volcano-Cool--(Obsidiana)\">\n                        <i class=\"fa fa-search\"><\/i>\n                    <\/a>\n                <\/div>\n                                                    <div class=\"fat-gallery-excerpt\">\n                        Volcano Cool                    <\/div>\n                            <\/div>\n        <\/div>\n    <\/div>\n<\/div>            <div id=\"69f21c5f8d82e\" style=\"display: none\">\n                <div>Volcano-Cool--(Obsidiana)<\/div>\n                <div>Volcano Cool<\/div>\n            <\/div>\n        <\/div>\n                <div class=\"fat-gallery-item hover-dir  fat-light-gallery\" data-gallery=\"5535\" data-sub-html=\"#69f21c5f8d8d9\" data-src=\"https:\/\/steinform.ch\/wp-content\/uploads\/2025\/07\/Volcano-Cloud-Obsidiana.jpg\"  data-index=\"7\">\n            <div class=\"fat-thumbnail \" data-width=\"475\"\n     data-height=\"475\" data-lazy-src=\"https:\/\/steinform.ch\/wp-content\/uploads\/2025\/07\/Volcano-Cloud-Obsidiana-475x475.jpg\"\n     data-alt=\"Volcano-Cloud-(Obsidiana)\"\n>\n    <a class=\"fat-image-clickable\" href=\"javascript:void(0)\"><\/a>\n            <img loading=\"lazy\" decoding=\"async\" width=\"475\" height=\"475\"\n             src=\"https:\/\/steinform.ch\/wp-content\/uploads\/2025\/07\/Volcano-Cloud-Obsidiana-475x475.jpg\" alt=\"Volcano-Cloud-(Obsidiana)\" \/>\n        <div class=\"fat-thumbnail-hover\">\n        <div class=\"fat-hover-outer\">\n            <div class=\"fat-hover-inner line-height-1\">\n                <div class=\"fat-gallery-icon\">\n                    <a href=\"https:\/\/steinform.ch\/wp-content\/uploads\/2025\/07\/Volcano-Cloud-Obsidiana.jpg\" target=\"_blank\"  data-exthumbimage=\"https:\/\/steinform.ch\/wp-content\/uploads\/2025\/07\/Volcano-Cloud-Obsidiana.jpg\"\n                       class=\"magnific-popup  mfp-image gallery-2192\"\n                       data-gallery=\"2192\"\n                       data-iframe = ''\n                       data-extra-title-link=\"\"\n                       data-excerpt = \"Volcano Cloud\"\n                       title=\"Volcano-Cloud-(Obsidiana)\">\n                        <i class=\"fa fa-search\"><\/i>\n                    <\/a>\n                <\/div>\n                                                    <div class=\"fat-gallery-excerpt\">\n                        Volcano Cloud                    <\/div>\n                            <\/div>\n        <\/div>\n    <\/div>\n<\/div>            <div id=\"69f21c5f8d8d9\" style=\"display: none\">\n                <div>Volcano-Cloud-(Obsidiana)<\/div>\n                <div>Volcano Cloud<\/div>\n            <\/div>\n        <\/div>\n                        \n        <\/div>\n\n\n    <\/div>\n\n    <script type=\"text\/javascript\">\n        (function ($) {\n            \"use strict\";\n            $(document).ready(function () {\n                jQuery('.fat-gallery-item.hover-dir > div.fat-thumbnail').hoverdir();\n\n                \n                var $container = jQuery('#fat-gallery-container-69f21c5f8b05d');\n                FatGallery.init('https:\/\/steinform.ch\/wp-admin\/admin-ajax.php', '69f21c5f8b05d', 'light-gallery', 'lg-slide');\n                                $container.css('opacity', '1');\n            })\n        })(jQuery);\n    <\/script>\n<\/div>\n\t\t\t\t\t\t<\/div>\n\t\t\t\t<\/div>\n\t\t\t\t\t<\/div>\n\t\t\t\t<\/div>\n\t\t\t\t\t<\/div>\n\t\t\t\t<\/div>\n\t\t<div class=\"elementor-element elementor-element-9873ea0 e-flex e-con-boxed e-con e-parent\" data-id=\"9873ea0\" data-element_type=\"container\" data-e-type=\"container\" data-settings=\"{&quot;background_background&quot;:&quot;classic&quot;}\">\n\t\t\t\t\t<div class=\"e-con-inner\">\n\t\t<div class=\"elementor-element elementor-element-f8a786d e-con-full e-flex e-con e-child\" data-id=\"f8a786d\" data-element_type=\"container\" data-e-type=\"container\">\n\t\t\t\t<div class=\"elementor-element elementor-element-12e9ccb elementor-widget elementor-widget-heading\" data-id=\"12e9ccb\" data-element_type=\"widget\" data-e-type=\"widget\" data-widget_type=\"heading.default\">\n\t\t\t\t<div class=\"elementor-widget-container\">\n\t\t\t\t\t<h3 class=\"elementor-heading-title elementor-size-default\">Visitez notre exposition pour d\u00e9couvrir les nombreuses possibilit\u00e9s qui s\u2019offrent \u00e0 vous.<\/h3>\t\t\t\t<\/div>\n\t\t\t\t<\/div>\n\t\t\t\t<div class=\"elementor-element elementor-element-d6f1fb9 elementor-align-center elementor-widget elementor-widget-button\" data-id=\"d6f1fb9\" data-element_type=\"widget\" data-e-type=\"widget\" data-widget_type=\"button.default\">\n\t\t\t\t<div class=\"elementor-widget-container\">\n\t\t\t\t\t\t\t\t\t<div class=\"elementor-button-wrapper\">\n\t\t\t\t\t<a class=\"elementor-button elementor-button-link elementor-size-sm\" href=\"https:\/\/steinform.ch\/fr\/contact\/\">\n\t\t\t\t\t\t<span class=\"elementor-button-content-wrapper\">\n\t\t\t\t\t\t\t\t\t<span class=\"elementor-button-text\">PRENDRE RENDEZ-VOUS<\/span>\n\t\t\t\t\t<\/span>\n\t\t\t\t\t<\/a>\n\t\t\t\t<\/div>\n\t\t\t\t\t\t\t\t<\/div>\n\t\t\t\t<\/div>\n\t\t\t\t<\/div>\n\t\t\t\t\t<\/div>\n\t\t\t\t<\/div>\n\t\t\t\t<\/div>\n\t\t","protected":false},"excerpt":{"rendered":"<p>Obsidiana Pouvant \u00eatre compos\u00e9e enti\u00e8rement de verre recycl\u00e9, cette alternative durable est id\u00e9ale pour les plans de travail de cuisine et les plans de toilette de salle de bains. OBSIDIANA L\u2019id\u00e9al pour des projets durables Steinform mise sur des produits innovants et respectueux de l\u2019environnement. Obsidiana est fabriqu\u00e9e \u00e0 partir de verre recycl\u00e9, en utilisant [&hellip;]<\/p>\n","protected":false},"author":1,"featured_media":0,"parent":0,"menu_order":0,"comment_status":"closed","ping_status":"closed","template":"elementor_header_footer","meta":{"footnotes":""},"class_list":["post-3203","page","type-page","status-publish","hentry"],"_links":{"self":[{"href":"https:\/\/steinform.ch\/fr\/wp-json\/wp\/v2\/pages\/3203","targetHints":{"allow":["GET"]}}],"collection":[{"href":"https:\/\/steinform.ch\/fr\/wp-json\/wp\/v2\/pages"}],"about":[{"href":"https:\/\/steinform.ch\/fr\/wp-json\/wp\/v2\/types\/page"}],"author":[{"embeddable":true,"href":"https:\/\/steinform.ch\/fr\/wp-json\/wp\/v2\/users\/1"}],"replies":[{"embeddable":true,"href":"https:\/\/steinform.ch\/fr\/wp-json\/wp\/v2\/comments?post=3203"}],"version-history":[{"count":16,"href":"https:\/\/steinform.ch\/fr\/wp-json\/wp\/v2\/pages\/3203\/revisions"}],"predecessor-version":[{"id":7247,"href":"https:\/\/steinform.ch\/fr\/wp-json\/wp\/v2\/pages\/3203\/revisions\/7247"}],"wp:attachment":[{"href":"https:\/\/steinform.ch\/fr\/wp-json\/wp\/v2\/media?parent=3203"}],"curies":[{"name":"wp","href":"https:\/\/api.w.org\/{rel}","templated":true}]}}