{"id":3213,"date":"2024-06-12T11:20:22","date_gmt":"2024-06-12T09:20:22","guid":{"rendered":"https:\/\/steinform.com\/mentions-legales\/"},"modified":"2024-07-01T06:56:55","modified_gmt":"2024-07-01T04:56:55","slug":"mentions-legales","status":"publish","type":"page","link":"https:\/\/steinform.ch\/fr\/mentions-legales\/","title":{"rendered":"Mentions l\u00e9gales"},"content":{"rendered":"\t\t<div data-elementor-type=\"wp-page\" data-elementor-id=\"3213\" class=\"elementor elementor-3213 elementor-2261\" data-elementor-post-type=\"page\">\n\t\t\t\t<div class=\"elementor-element elementor-element-0f40a1a e-flex e-con-boxed e-con e-parent\" data-id=\"0f40a1a\" data-element_type=\"container\" data-e-type=\"container\">\n\t\t\t\t\t<div class=\"e-con-inner\">\n\t\t\t\t<div class=\"elementor-element elementor-element-7ced405 elementor-widget elementor-widget-heading\" data-id=\"7ced405\" data-element_type=\"widget\" data-e-type=\"widget\" data-widget_type=\"heading.default\">\n\t\t\t\t<div class=\"elementor-widget-container\">\n\t\t\t\t\t<h3 class=\"elementor-heading-title elementor-size-default\">Mentions l\u00e9gales<\/h3>\t\t\t\t<\/div>\n\t\t\t\t<\/div>\n\t\t\t\t<div class=\"elementor-element elementor-element-5c8f351 elementor-widget elementor-widget-text-editor\" data-id=\"5c8f351\" data-element_type=\"widget\" data-e-type=\"widget\" data-widget_type=\"text-editor.default\">\n\t\t\t\t<div class=\"elementor-widget-container\">\n\t\t\t\t\t\t\t\t\t<p><strong>Steinform Kistler AG<\/strong><\/p>\n<p>Industriestrasse 33<br>CH-8864 Reichenburg<br>T\u00e9l\u00e9phone:&nbsp;<a title=\"Rufen Sie uns an!\" href=\"tel:+41554643100\">+41 55 464 31 00<\/a><br>E-mail:&nbsp;<a title=\"E-Mail schreiben\" href=\"mailto:inform@steinform.ch\">inform@steinform.ch<\/a><\/p>\n<p><b>Immatriculation au registre du commerce<\/b><br>CHE-106.465.757<\/p>\n<p><b>Fiscalit\u00e9<br><\/b>Num\u00e9ro d\u2019identification fiscale: CHE-106.465.757 (T.V.A.)<\/p>\n<p><b>Droits de propri\u00e9t\u00e9 intellectuelle<\/b><br>Il est interdit de copier ou d\u2019utiliser sans autorisation des extraits, des contenus ou le logo publi\u00e9s sur ce site Web. Les contrevenants seront poursuivis en justice. <\/p>\n<p><strong>Responsabilit\u00e9<br><\/strong>Malgr\u00e9 un contr\u00f4le minutieux, nous ne pouvons fournir aucune garantie et d\u00e9clinons toute responsabilit\u00e9 quant \u00e0 l\u2019actualit\u00e9, l\u2019exactitude et l\u2019exhaustivit\u00e9 des informations mises \u00e0 disposition. Il en va de m\u00eame pour tous les autres sites Web auxquels il est fait r\u00e9f\u00e9rence par le biais d\u2019hyperliens. <\/p>\n<p><strong>Concept et design<br><\/strong>resolut. designstudio <br><a href=\"mailto:mail@resolut.cc\">mailresolut.de[at]<\/a><br><a href=\"https:\/\/www.resolut-designstudio.de\/\" target=\"_blank\" rel=\"noopener\">resolut-designstudio.de<\/a><\/p>\t\t\t\t\t\t\t\t<\/div>\n\t\t\t\t<\/div>\n\t\t\t\t\t<\/div>\n\t\t\t\t<\/div>\n\t\t\t\t<\/div>\n\t\t","protected":false},"excerpt":{"rendered":"<p>Mentions l\u00e9gales Steinform Kistler AG Industriestrasse 33CH-8864 ReichenburgT\u00e9l\u00e9phone:&nbsp;+41 55 464 31 00E-mail:&nbsp;inform@steinform.ch Immatriculation au registre du commerceCHE-106.465.757 Fiscalit\u00e9Num\u00e9ro d\u2019identification fiscale: CHE-106.465.757 (T.V.A.) Droits de propri\u00e9t\u00e9 intellectuelleIl est interdit de copier ou d\u2019utiliser sans autorisation des extraits, des contenus ou le logo publi\u00e9s sur ce site Web. Les contrevenants seront poursuivis en justice. Responsabilit\u00e9Malgr\u00e9 un contr\u00f4le [&hellip;]<\/p>\n","protected":false},"author":1,"featured_media":0,"parent":0,"menu_order":0,"comment_status":"closed","ping_status":"closed","template":"elementor_header_footer","meta":{"footnotes":""},"class_list":["post-3213","page","type-page","status-publish","hentry"],"_links":{"self":[{"href":"https:\/\/steinform.ch\/fr\/wp-json\/wp\/v2\/pages\/3213","targetHints":{"allow":["GET"]}}],"collection":[{"href":"https:\/\/steinform.ch\/fr\/wp-json\/wp\/v2\/pages"}],"about":[{"href":"https:\/\/steinform.ch\/fr\/wp-json\/wp\/v2\/types\/page"}],"author":[{"embeddable":true,"href":"https:\/\/steinform.ch\/fr\/wp-json\/wp\/v2\/users\/1"}],"replies":[{"embeddable":true,"href":"https:\/\/steinform.ch\/fr\/wp-json\/wp\/v2\/comments?post=3213"}],"version-history":[{"count":1,"href":"https:\/\/steinform.ch\/fr\/wp-json\/wp\/v2\/pages\/3213\/revisions"}],"predecessor-version":[{"id":3214,"href":"https:\/\/steinform.ch\/fr\/wp-json\/wp\/v2\/pages\/3213\/revisions\/3214"}],"wp:attachment":[{"href":"https:\/\/steinform.ch\/fr\/wp-json\/wp\/v2\/media?parent=3213"}],"curies":[{"name":"wp","href":"https:\/\/api.w.org\/{rel}","templated":true}]}}