{"id":6779,"date":"2025-08-08T15:01:47","date_gmt":"2025-08-08T13:01:47","guid":{"rendered":"https:\/\/steinform.ch\/prestations\/soins\/"},"modified":"2026-03-25T09:00:59","modified_gmt":"2026-03-25T08:00:59","slug":"entretien","status":"publish","type":"page","link":"https:\/\/steinform.ch\/fr\/prestations\/entretien\/","title":{"rendered":"Entretien"},"content":{"rendered":"\t\t<div data-elementor-type=\"wp-page\" data-elementor-id=\"6779\" class=\"elementor elementor-6779 elementor-6623\" data-elementor-post-type=\"page\">\n\t\t\t\t<div class=\"elementor-element elementor-element-6a30d69 elementor-hidden-mobile e-flex e-con-boxed e-con e-parent\" data-id=\"6a30d69\" data-element_type=\"container\" data-e-type=\"container\" data-settings=\"{&quot;background_background&quot;:&quot;classic&quot;}\">\n\t\t\t\t\t<div class=\"e-con-inner\">\n\t\t<div class=\"elementor-element elementor-element-8c15b8f e-con-full e-flex e-con e-child\" data-id=\"8c15b8f\" data-element_type=\"container\" data-e-type=\"container\" data-settings=\"{&quot;background_background&quot;:&quot;classic&quot;}\">\n\t\t<div class=\"elementor-element elementor-element-26ab498 e-flex e-con-boxed e-con e-child\" data-id=\"26ab498\" data-element_type=\"container\" data-e-type=\"container\">\n\t\t\t\t\t<div class=\"e-con-inner\">\n\t\t<div class=\"elementor-element elementor-element-1e1d296 e-flex e-con-boxed e-con e-child\" data-id=\"1e1d296\" data-element_type=\"container\" data-e-type=\"container\">\n\t\t\t\t\t<div class=\"e-con-inner\">\n\t\t<div class=\"elementor-element elementor-element-a572ad3 e-flex e-con-boxed e-con e-child\" data-id=\"a572ad3\" data-element_type=\"container\" data-e-type=\"container\">\n\t\t\t\t\t<div class=\"e-con-inner\">\n\t\t\t\t<div class=\"elementor-element elementor-element-6263a3b elementor-invisible elementor-widget elementor-widget-heading\" data-id=\"6263a3b\" data-element_type=\"widget\" data-e-type=\"widget\" data-settings=\"{&quot;_animation&quot;:&quot;fadeIn&quot;,&quot;_animation_delay&quot;:500}\" data-widget_type=\"heading.default\">\n\t\t\t\t<div class=\"elementor-widget-container\">\n\t\t\t\t\t<h1 class=\"elementor-heading-title elementor-size-default\">ENTRETIEN<\/h1>\t\t\t\t<\/div>\n\t\t\t\t<\/div>\n\t\t\t\t\t<\/div>\n\t\t\t\t<\/div>\n\t\t<div class=\"elementor-element elementor-element-cbbc0a2 e-flex e-con-boxed e-con e-child\" data-id=\"cbbc0a2\" data-element_type=\"container\" data-e-type=\"container\">\n\t\t\t\t\t<div class=\"e-con-inner\">\n\t\t\t\t\t<\/div>\n\t\t\t\t<\/div>\n\t\t\t\t\t<\/div>\n\t\t\t\t<\/div>\n\t\t\t\t\t<\/div>\n\t\t\t\t<\/div>\n\t\t\t\t<\/div>\n\t\t\t\t\t<\/div>\n\t\t\t\t<\/div>\n\t\t<div class=\"elementor-element elementor-element-0ccf7d2 elementor-hidden-desktop elementor-hidden-laptop elementor-hidden-tablet_extra elementor-hidden-tablet e-flex e-con-boxed e-con e-parent\" data-id=\"0ccf7d2\" data-element_type=\"container\" data-e-type=\"container\" data-settings=\"{&quot;background_background&quot;:&quot;classic&quot;}\">\n\t\t\t\t\t<div class=\"e-con-inner\">\n\t\t\t\t<div class=\"elementor-element elementor-element-d3d6745 elementor-invisible elementor-widget elementor-widget-heading\" data-id=\"d3d6745\" data-element_type=\"widget\" data-e-type=\"widget\" data-settings=\"{&quot;_animation&quot;:&quot;fadeIn&quot;,&quot;_animation_delay&quot;:500}\" data-widget_type=\"heading.default\">\n\t\t\t\t<div class=\"elementor-widget-container\">\n\t\t\t\t\t<h1 class=\"elementor-heading-title elementor-size-default\">ENTRETIEN<\/h1>\t\t\t\t<\/div>\n\t\t\t\t<\/div>\n\t\t\t\t\t<\/div>\n\t\t\t\t<\/div>\n\t\t<div class=\"elementor-element elementor-element-1e106e7 e-flex e-con-boxed e-con e-parent\" data-id=\"1e106e7\" data-element_type=\"container\" data-e-type=\"container\">\n\t\t\t\t\t<div class=\"e-con-inner\">\n\t\t\t\t<div class=\"elementor-element elementor-element-f936c20 elementor-widget elementor-widget-heading\" data-id=\"f936c20\" data-element_type=\"widget\" data-e-type=\"widget\" data-widget_type=\"heading.default\">\n\t\t\t\t<div class=\"elementor-widget-container\">\n\t\t\t\t\t<h2 class=\"elementor-heading-title elementor-size-default\">Beaut\u00e9 intemporelle.<\/h2>\t\t\t\t<\/div>\n\t\t\t\t<\/div>\n\t\t\t\t<div class=\"elementor-element elementor-element-857f54c elementor-widget elementor-widget-text-editor\" data-id=\"857f54c\" data-element_type=\"widget\" data-e-type=\"widget\" data-widget_type=\"text-editor.default\">\n\t\t\t\t<div class=\"elementor-widget-container\">\n\t\t\t\t\t\t\t\t\t<p>L&rsquo;entretien appropri\u00e9 est d\u00e9terminant pour la long\u00e9vit\u00e9 et la beaut\u00e9 de votre plan de travail de cuisine. Que ce soit la pierre naturelle, le composite de quartz ou la c\u00e9ramique &#8212; chaque mat\u00e9riau a ses propres exigences et caract\u00e9ristiques. <\/p><p>Avec les bons conseils d&rsquo;entretien, vous pr\u00e9servez non seulement la beaut\u00e9 naturelle de votre surface, mais aussi sa valeur pendant des d\u00e9cennies. Du nettoyage quotidien aux traitements sp\u00e9ciaux &#8212; nous vous montrons comment prot\u00e9ger de mani\u00e8re optimale votre investissement. <\/p><p>Vous trouverez tout en un clin d&rsquo;\u0153il dans notre brochure d&rsquo;entretien gratuite : des instructions d\u00e9taill\u00e9es, des conseils pratiques et des informations importantes pour tous les mat\u00e9riaux. T\u00e9l\u00e9chargez d\u00e8s maintenant notre <span style=\"text-decoration: underline;\"><a href=\"https:\/\/steinform.ch\/fr\/prestations\/telecharger\/\">Guide d&rsquo;entretien<\/a><\/span> et faites en sorte que votre rev\u00eatement de cuisine reste \u00ab\u00a0\u00e9ternellement beau\u00a0\u00bb. <\/p>\t\t\t\t\t\t\t\t<\/div>\n\t\t\t\t<\/div>\n\t\t\t\t<div class=\"elementor-element elementor-element-a488c04 elementor-widget elementor-widget-button\" data-id=\"a488c04\" data-element_type=\"widget\" data-e-type=\"widget\" data-widget_type=\"button.default\">\n\t\t\t\t<div class=\"elementor-widget-container\">\n\t\t\t\t\t\t\t\t\t<div class=\"elementor-button-wrapper\">\n\t\t\t\t\t<a class=\"elementor-button elementor-button-link elementor-size-sm\" href=\"https:\/\/steinform.ch\/fr\/prestations\/telecharger\/\">\n\t\t\t\t\t\t<span class=\"elementor-button-content-wrapper\">\n\t\t\t\t\t\t\t\t\t<span class=\"elementor-button-text\">Vers les t\u00e9l\u00e9chargements<\/span>\n\t\t\t\t\t<\/span>\n\t\t\t\t\t<\/a>\n\t\t\t\t<\/div>\n\t\t\t\t\t\t\t\t<\/div>\n\t\t\t\t<\/div>\n\t\t\t\t<div class=\"elementor-element elementor-element-49044eb elementor-widget elementor-widget-heading\" data-id=\"49044eb\" data-element_type=\"widget\" data-e-type=\"widget\" data-widget_type=\"heading.default\">\n\t\t\t\t<div class=\"elementor-widget-container\">\n\t\t\t\t\t<h3 class=\"elementor-heading-title elementor-size-default\">Les bons produits d'entretien<\/h3>\t\t\t\t<\/div>\n\t\t\t\t<\/div>\n\t\t\t\t<div class=\"elementor-element elementor-element-c641829 elementor-widget elementor-widget-text-editor\" data-id=\"c641829\" data-element_type=\"widget\" data-e-type=\"widget\" data-widget_type=\"text-editor.default\">\n\t\t\t\t<div class=\"elementor-widget-container\">\n\t\t\t\t\t\t\t\t\t<p>Faites confiance \u00e0 la qualit\u00e9 professionnelle : nos produits d&rsquo;entretien AKEMI sont sp\u00e9cialement d\u00e9velopp\u00e9s pour diff\u00e9rentes surfaces en pierre et garantissent un entretien optimal avec une application respectueuse.<\/p>\t\t\t\t\t\t\t\t<\/div>\n\t\t\t\t<\/div>\n\t\t\t\t\t<\/div>\n\t\t\t\t<\/div>\n\t\t<div class=\"elementor-element elementor-element-0de1ecf e-flex e-con-boxed e-con e-parent\" data-id=\"0de1ecf\" data-element_type=\"container\" data-e-type=\"container\" data-settings=\"{&quot;background_background&quot;:&quot;classic&quot;}\">\n\t\t\t\t\t<div class=\"e-con-inner\">\n\t\t<div class=\"elementor-element elementor-element-ff08677 e-con-full e-flex e-con e-child\" data-id=\"ff08677\" data-element_type=\"container\" data-e-type=\"container\">\n\t\t\t\t<div class=\"elementor-element elementor-element-122d308 elementor-widget elementor-widget-text-editor\" data-id=\"122d308\" data-element_type=\"widget\" data-e-type=\"widget\" data-widget_type=\"text-editor.default\">\n\t\t\t\t<div class=\"elementor-widget-container\">\n\t\t\t\t\t\t\t\t\t<p>AKEMI Crystal Clean Spray<\/p>\t\t\t\t\t\t\t\t<\/div>\n\t\t\t\t<\/div>\n\t\t\t\t<div class=\"elementor-element elementor-element-358bf8d elementor-widget elementor-widget-heading\" data-id=\"358bf8d\" data-element_type=\"widget\" data-e-type=\"widget\" data-widget_type=\"heading.default\">\n\t\t\t\t<div class=\"elementor-widget-container\">\n\t\t\t\t\t<h2 class=\"elementor-heading-title elementor-size-default\">\u00c9clat sans traces pour la c\u00e9ramique<\/h2>\t\t\t\t<\/div>\n\t\t\t\t<\/div>\n\t\t\t\t<div class=\"elementor-element elementor-element-f091fba elementor-widget elementor-widget-text-editor\" data-id=\"f091fba\" data-element_type=\"widget\" data-e-type=\"widget\" data-widget_type=\"text-editor.default\">\n\t\t\t\t<div class=\"elementor-widget-container\">\n\t\t\t\t\t\t\t\t\t<p>Ce spray de nettoyage sp\u00e9cialement d\u00e9velopp\u00e9 pour les surfaces c\u00e9ramiques grand format \u00e9limine sans effort les films gras, les boissons s\u00e9ch\u00e9es et les l\u00e9gers d\u00e9p\u00f4ts calcaires. La formule innovante \u00e0 s\u00e9chage rapide garantit des r\u00e9sultats sans traces et est homologu\u00e9e pour le secteur alimentaire. Parfait pour l&rsquo;entretien quotidien de votre plan de travail de cuisine en c\u00e9ramique.  <\/p><p><em>Application : Sp\u00e9cialement pour les surfaces c\u00e9ramiques pour le nettoyage quotidien<\/em><\/p><p><strong>CHF 28.00 TVA incluse plus CHF 10.00 port\/emballage  <\/strong><\/p>\t\t\t\t\t\t\t\t<\/div>\n\t\t\t\t<\/div>\n\t\t\t\t<\/div>\n\t\t<div class=\"elementor-element elementor-element-c80a927 e-con-full e-flex e-con e-child\" data-id=\"c80a927\" data-element_type=\"container\" data-e-type=\"container\">\n\t\t\t\t<div class=\"elementor-element elementor-element-762c6ea elementor-widget elementor-widget-image\" data-id=\"762c6ea\" data-element_type=\"widget\" data-e-type=\"widget\" data-widget_type=\"image.default\">\n\t\t\t\t<div class=\"elementor-widget-container\">\n\t\t\t\t\t\t\t\t\t\t\t\t\t\t\t<img fetchpriority=\"high\" decoding=\"async\" width=\"172\" height=\"500\" src=\"https:\/\/steinform.ch\/wp-content\/uploads\/2025\/08\/pflege_chrystal-clean-spray.png\" class=\"attachment-large size-large wp-image-6659\" alt=\"\" srcset=\"https:\/\/steinform.ch\/wp-content\/uploads\/2025\/08\/pflege_chrystal-clean-spray.png 172w, https:\/\/steinform.ch\/wp-content\/uploads\/2025\/08\/pflege_chrystal-clean-spray-103x300.png 103w\" sizes=\"(max-width: 172px) 100vw, 172px\" \/>\t\t\t\t\t\t\t\t\t\t\t\t\t\t\t<\/div>\n\t\t\t\t<\/div>\n\t\t\t\t<\/div>\n\t\t\t\t\t<\/div>\n\t\t\t\t<\/div>\n\t\t<div class=\"elementor-element elementor-element-8b72d90 e-flex e-con-boxed e-con e-parent\" data-id=\"8b72d90\" data-element_type=\"container\" data-e-type=\"container\" data-settings=\"{&quot;background_background&quot;:&quot;classic&quot;}\">\n\t\t\t\t\t<div class=\"e-con-inner\">\n\t\t<div class=\"elementor-element elementor-element-93e1a09 e-con-full e-flex e-con e-child\" data-id=\"93e1a09\" data-element_type=\"container\" data-e-type=\"container\">\n\t\t\t\t<div class=\"elementor-element elementor-element-639377f elementor-widget elementor-widget-image\" data-id=\"639377f\" data-element_type=\"widget\" data-e-type=\"widget\" data-widget_type=\"image.default\">\n\t\t\t\t<div class=\"elementor-widget-container\">\n\t\t\t\t\t\t\t\t\t\t\t\t\t\t\t<img decoding=\"async\" width=\"167\" height=\"500\" src=\"https:\/\/steinform.ch\/wp-content\/uploads\/2025\/08\/pflege_tripleeffekt.png\" class=\"attachment-large size-large wp-image-6671\" alt=\"\" srcset=\"https:\/\/steinform.ch\/wp-content\/uploads\/2025\/08\/pflege_tripleeffekt.png 167w, https:\/\/steinform.ch\/wp-content\/uploads\/2025\/08\/pflege_tripleeffekt-100x300.png 100w\" sizes=\"(max-width: 167px) 100vw, 167px\" \/>\t\t\t\t\t\t\t\t\t\t\t\t\t\t\t<\/div>\n\t\t\t\t<\/div>\n\t\t\t\t<\/div>\n\t\t<div class=\"elementor-element elementor-element-2162c68 e-con-full e-flex e-con e-child\" data-id=\"2162c68\" data-element_type=\"container\" data-e-type=\"container\">\n\t\t\t\t<div class=\"elementor-element elementor-element-a7032a1 elementor-widget elementor-widget-text-editor\" data-id=\"a7032a1\" data-element_type=\"widget\" data-e-type=\"widget\" data-widget_type=\"text-editor.default\">\n\t\t\t\t<div class=\"elementor-widget-container\">\n\t\t\t\t\t\t\t\t\t<p>AKEMI Triple Effect<\/p>\t\t\t\t\t\t\t\t<\/div>\n\t\t\t\t<\/div>\n\t\t\t\t<div class=\"elementor-element elementor-element-d51aaca elementor-widget elementor-widget-heading\" data-id=\"d51aaca\" data-element_type=\"widget\" data-e-type=\"widget\" data-widget_type=\"heading.default\">\n\t\t\t\t<div class=\"elementor-widget-container\">\n\t\t\t\t\t<h2 class=\"elementor-heading-title elementor-size-default\">Nettoyer, prot\u00e9ger, entretenir - tout en un<\/h2>\t\t\t\t<\/div>\n\t\t\t\t<\/div>\n\t\t\t\t<div class=\"elementor-element elementor-element-0fa0e8f elementor-widget elementor-widget-text-editor\" data-id=\"0fa0e8f\" data-element_type=\"widget\" data-e-type=\"widget\" data-widget_type=\"text-editor.default\">\n\t\t\t\t<div class=\"elementor-widget-container\">\n\t\t\t\t\t\t\t\t\t<p>Ce spray d&rsquo;entretien pratique r\u00e9unit trois fonctions en une seule op\u00e9ration : il nettoie en douceur, prot\u00e8ge contre l&rsquo;eau et la graisse et ravive l&rsquo;\u00e9clat naturel. Sp\u00e9cialement d\u00e9velopp\u00e9 pour la pierre naturelle et le composite de quartz, Triple Effect offre la protection optimale pour le quotidien en cuisine. La formule pr\u00eate \u00e0 l&#8217;emploi rend l&rsquo;application d&rsquo;une simplicit\u00e9 enfantine.  <\/p><p><em>Application : Id\u00e9al pour la pierre naturelle et le composite de quartz comme impr\u00e9gnation d&rsquo;entretien<\/em><\/p><p><strong>CHF 32.00 TVA incluse plus CHF 10.00 port\/emballage  <\/strong><\/p>\t\t\t\t\t\t\t\t<\/div>\n\t\t\t\t<\/div>\n\t\t\t\t<\/div>\n\t\t\t\t\t<\/div>\n\t\t\t\t<\/div>\n\t\t<div class=\"elementor-element elementor-element-1bf2cf8 e-flex e-con-boxed e-con e-parent\" data-id=\"1bf2cf8\" data-element_type=\"container\" data-e-type=\"container\" data-settings=\"{&quot;background_background&quot;:&quot;classic&quot;}\">\n\t\t\t\t\t<div class=\"e-con-inner\">\n\t\t<div class=\"elementor-element elementor-element-8236e84 e-con-full e-flex e-con e-child\" data-id=\"8236e84\" data-element_type=\"container\" data-e-type=\"container\">\n\t\t\t\t<div class=\"elementor-element elementor-element-7540d5d elementor-widget elementor-widget-text-editor\" data-id=\"7540d5d\" data-element_type=\"widget\" data-e-type=\"widget\" data-widget_type=\"text-editor.default\">\n\t\t\t\t<div class=\"elementor-widget-container\">\n\t\t\t\t\t\t\t\t\t<p>AKEMI Nettoyant pour pierre<\/p>\t\t\t\t\t\t\t\t<\/div>\n\t\t\t\t<\/div>\n\t\t\t\t<div class=\"elementor-element elementor-element-10bbb1c elementor-widget elementor-widget-heading\" data-id=\"10bbb1c\" data-element_type=\"widget\" data-e-type=\"widget\" data-widget_type=\"heading.default\">\n\t\t\t\t<div class=\"elementor-widget-container\">\n\t\t\t\t\t<h2 class=\"elementor-heading-title elementor-size-default\">La base pour une propret\u00e9 parfaite<\/h2>\t\t\t\t<\/div>\n\t\t\t\t<\/div>\n\t\t\t\t<div class=\"elementor-element elementor-element-7d82923 elementor-widget elementor-widget-text-editor\" data-id=\"7d82923\" data-element_type=\"widget\" data-e-type=\"widget\" data-widget_type=\"text-editor.default\">\n\t\t\t\t<div class=\"elementor-widget-container\">\n\t\t\t\t\t\t\t\t\t<p>Ce nettoyant de base \u00e9prouv\u00e9 \u00e9limine de mani\u00e8re fiable la salet\u00e9 de chantier, les taches d&rsquo;huile et de graisse ainsi que les salissures tenaces de toutes les surfaces en pierre naturelle et c\u00e9ramique. La formule concentr\u00e9e respectueuse de l&rsquo;environnement est homologu\u00e9e pour le secteur alimentaire et convient id\u00e9alement pour l&rsquo;entretien initial approfondi ou le nettoyage intensif interm\u00e9diaire de votre plan de travail de cuisine. <\/p><p><em>Application : Pour tous les mat\u00e9riaux en cas de salissures plus importantes<\/em><\/p><p><strong>CHF 30.00 TVA incluse plus CHF 10.00 port\/emballage  <\/strong><\/p>\t\t\t\t\t\t\t\t<\/div>\n\t\t\t\t<\/div>\n\t\t\t\t<\/div>\n\t\t<div class=\"elementor-element elementor-element-f25d2b3 e-con-full e-flex e-con e-child\" data-id=\"f25d2b3\" data-element_type=\"container\" data-e-type=\"container\">\n\t\t\t\t<div class=\"elementor-element elementor-element-b637d67 elementor-widget elementor-widget-image\" data-id=\"b637d67\" data-element_type=\"widget\" data-e-type=\"widget\" data-widget_type=\"image.default\">\n\t\t\t\t<div class=\"elementor-widget-container\">\n\t\t\t\t\t\t\t\t\t\t\t\t\t\t\t<img decoding=\"async\" width=\"167\" height=\"500\" src=\"https:\/\/steinform.ch\/wp-content\/uploads\/2025\/08\/pflege_steinreiniger.png\" class=\"attachment-large size-large wp-image-6668\" alt=\"\" srcset=\"https:\/\/steinform.ch\/wp-content\/uploads\/2025\/08\/pflege_steinreiniger.png 167w, https:\/\/steinform.ch\/wp-content\/uploads\/2025\/08\/pflege_steinreiniger-100x300.png 100w\" sizes=\"(max-width: 167px) 100vw, 167px\" \/>\t\t\t\t\t\t\t\t\t\t\t\t\t\t\t<\/div>\n\t\t\t\t<\/div>\n\t\t\t\t<\/div>\n\t\t\t\t\t<\/div>\n\t\t\t\t<\/div>\n\t\t<div class=\"elementor-element elementor-element-c7ee077 e-flex e-con-boxed e-con e-parent\" data-id=\"c7ee077\" data-element_type=\"container\" data-e-type=\"container\">\n\t\t\t\t\t<div class=\"e-con-inner\">\n\t\t\t\t<div class=\"elementor-element elementor-element-15f2030 elementor-widget elementor-widget-heading\" data-id=\"15f2030\" data-element_type=\"widget\" data-e-type=\"widget\" data-widget_type=\"heading.default\">\n\t\t\t\t<div class=\"elementor-widget-container\">\n\t\t\t\t\t<h3 class=\"elementor-heading-title elementor-size-default\">Convaincu ? Commandez* vos produits d'entretien professionnels directement chez nous -- il suffit de remplir et d'envoyer le formulaire. <\/h3>\t\t\t\t<\/div>\n\t\t\t\t<\/div>\n\t\t\t\t<div class=\"elementor-element elementor-element-474f5f2 elementor-button-align-stretch elementor-widget elementor-widget-form\" data-id=\"474f5f2\" data-element_type=\"widget\" data-e-type=\"widget\" data-settings=\"{&quot;step_next_label&quot;:&quot;N\\u00e4chster&quot;,&quot;step_previous_label&quot;:&quot;Voriger&quot;,&quot;button_width&quot;:&quot;100&quot;,&quot;step_type&quot;:&quot;number_text&quot;,&quot;step_icon_shape&quot;:&quot;circle&quot;}\" data-widget_type=\"form.default\">\n\t\t\t\t<div class=\"elementor-widget-container\">\n\t\t\t\t\t\t\t<form class=\"elementor-form\" method=\"post\" name=\"Neues Formular\" aria-label=\"Neues Formular\">\n\t\t\t<input type=\"hidden\" name=\"post_id\" value=\"6779\"\/>\n\t\t\t<input type=\"hidden\" name=\"form_id\" value=\"474f5f2\"\/>\n\t\t\t<input type=\"hidden\" name=\"referer_title\" value=\"Entretien - Steinform\" \/>\n\n\t\t\t\t\t\t\t<input type=\"hidden\" name=\"queried_id\" value=\"6779\"\/>\n\t\t\t\n\t\t\t<div class=\"elementor-form-fields-wrapper elementor-labels-\">\n\t\t\t\t\t\t\t\t<div class=\"elementor-field-type-select elementor-field-group elementor-column elementor-field-group-field_7851b0f elementor-col-100 elementor-field-required\">\n\t\t\t\t\t\t\t\t\t\t\t\t<label for=\"form-field-field_7851b0f\" class=\"elementor-field-label elementor-screen-only\">\n\t\t\t\t\t\t\t\tTitre de civilit\u00e9\t\t\t\t\t\t\t<\/label>\n\t\t\t\t\t\t\t\t<div class=\"elementor-field elementor-select-wrapper remove-before \">\n\t\t\t<div class=\"select-caret-down-wrapper\">\n\t\t\t\t<svg aria-hidden=\"true\" class=\"e-font-icon-svg e-eicon-caret-down\" viewBox=\"0 0 571.4 571.4\" xmlns=\"http:\/\/www.w3.org\/2000\/svg\"><path d=\"M571 393Q571 407 561 418L311 668Q300 679 286 679T261 668L11 418Q0 407 0 393T11 368 36 357H536Q550 357 561 368T571 393Z\"><\/path><\/svg>\t\t\t<\/div>\n\t\t\t<select name=\"form_fields[field_7851b0f]\" id=\"form-field-field_7851b0f\" class=\"elementor-field-textual elementor-size-xs\" required=\"required\">\n\t\t\t\t\t\t\t\t\t<option value=\"\">Civilit\u00e9* <\/option>\n\t\t\t\t\t\t\t\t\t<option value=\"Monsieur\">Monsieur<\/option>\n\t\t\t\t\t\t\t\t\t<option value=\"Madame\">Madame<\/option>\n\t\t\t\t\t\t\t<\/select>\n\t\t<\/div>\n\t\t\t\t\t\t<\/div>\n\t\t\t\t\t\t\t\t<div class=\"elementor-field-type-text elementor-field-group elementor-column elementor-field-group-name elementor-col-100 elementor-field-required\">\n\t\t\t\t\t\t\t\t\t\t\t\t<label for=\"form-field-name\" class=\"elementor-field-label elementor-screen-only\">\n\t\t\t\t\t\t\t\tPr\u00e9nom\t\t\t\t\t\t\t<\/label>\n\t\t\t\t\t\t\t\t\t\t\t\t\t\t<input size=\"1\" type=\"text\" name=\"form_fields[name]\" id=\"form-field-name\" class=\"elementor-field elementor-size-xs  elementor-field-textual\" placeholder=\"Pr\u00e9nom et nom de famille*.\" required=\"required\">\n\t\t\t\t\t\t\t\t\t\t\t<\/div>\n\t\t\t\t\t\t\t\t<div class=\"elementor-field-type-text elementor-field-group elementor-column elementor-field-group-field_fe59675 elementor-col-100\">\n\t\t\t\t\t\t\t\t\t\t\t\t<label for=\"form-field-field_fe59675\" class=\"elementor-field-label elementor-screen-only\">\n\t\t\t\t\t\t\t\tEntreprise\t\t\t\t\t\t\t<\/label>\n\t\t\t\t\t\t\t\t\t\t\t\t\t\t<input size=\"1\" type=\"text\" name=\"form_fields[field_fe59675]\" id=\"form-field-field_fe59675\" class=\"elementor-field elementor-size-xs  elementor-field-textual\" placeholder=\"Entreprise\">\n\t\t\t\t\t\t\t\t\t\t\t<\/div>\n\t\t\t\t\t\t\t\t<div class=\"elementor-field-type-text elementor-field-group elementor-column elementor-field-group-field_ca715c6 elementor-col-100 elementor-field-required\">\n\t\t\t\t\t\t\t\t\t\t\t\t<label for=\"form-field-field_ca715c6\" class=\"elementor-field-label elementor-screen-only\">\n\t\t\t\t\t\t\t\tRue\t\t\t\t\t\t\t<\/label>\n\t\t\t\t\t\t\t\t\t\t\t\t\t\t<input size=\"1\" type=\"text\" name=\"form_fields[field_ca715c6]\" id=\"form-field-field_ca715c6\" class=\"elementor-field elementor-size-xs  elementor-field-textual\" placeholder=\"Rue*\" required=\"required\">\n\t\t\t\t\t\t\t\t\t\t\t<\/div>\n\t\t\t\t\t\t\t\t<div class=\"elementor-field-type-text elementor-field-group elementor-column elementor-field-group-field_0ae29c8 elementor-col-100 elementor-field-required\">\n\t\t\t\t\t\t\t\t\t\t\t\t<label for=\"form-field-field_0ae29c8\" class=\"elementor-field-label elementor-screen-only\">\n\t\t\t\t\t\t\t\tLocalit\u00e9*\t\t\t\t\t\t\t<\/label>\n\t\t\t\t\t\t\t\t\t\t\t\t\t\t<input size=\"1\" type=\"text\" name=\"form_fields[field_0ae29c8]\" id=\"form-field-field_0ae29c8\" class=\"elementor-field elementor-size-xs  elementor-field-textual\" placeholder=\"NPA Localit\u00e9*\" required=\"required\">\n\t\t\t\t\t\t\t\t\t\t\t<\/div>\n\t\t\t\t\t\t\t\t<div class=\"elementor-field-type-email elementor-field-group elementor-column elementor-field-group-email elementor-col-100 elementor-field-required\">\n\t\t\t\t\t\t\t\t\t\t\t\t<label for=\"form-field-email\" class=\"elementor-field-label elementor-screen-only\">\n\t\t\t\t\t\t\t\tE-Mail\t\t\t\t\t\t\t<\/label>\n\t\t\t\t\t\t\t\t\t\t\t\t\t\t<input size=\"1\" type=\"email\" name=\"form_fields[email]\" id=\"form-field-email\" class=\"elementor-field elementor-size-xs  elementor-field-textual\" placeholder=\"E-mail*\" required=\"required\">\n\t\t\t\t\t\t\t\t\t\t\t<\/div>\n\t\t\t\t\t\t\t\t<div class=\"elementor-field-type-text elementor-field-group elementor-column elementor-field-group-field_dac779e elementor-col-100 elementor-field-required\">\n\t\t\t\t\t\t\t\t\t\t\t\t<label for=\"form-field-field_dac779e\" class=\"elementor-field-label elementor-screen-only\">\n\t\t\t\t\t\t\t\tPr\u00e9nom\t\t\t\t\t\t\t<\/label>\n\t\t\t\t\t\t\t\t\t\t\t\t\t\t<input size=\"1\" type=\"text\" name=\"form_fields[field_dac779e]\" id=\"form-field-field_dac779e\" class=\"elementor-field elementor-size-xs  elementor-field-textual\" placeholder=\"T\u00e9l\u00e9phone*\" required=\"required\">\n\t\t\t\t\t\t\t\t\t\t\t<\/div>\n\t\t\t\t\t\t\t\t<div class=\"elementor-field-type-textarea elementor-field-group elementor-column elementor-field-group-message elementor-col-100 elementor-field-required\">\n\t\t\t\t\t\t\t\t\t\t\t\t<label for=\"form-field-message\" class=\"elementor-field-label elementor-screen-only\">\n\t\t\t\t\t\t\t\tNachricht\t\t\t\t\t\t\t<\/label>\n\t\t\t\t\t\t<textarea class=\"elementor-field-textual elementor-field  elementor-size-xs\" name=\"form_fields[message]\" id=\"form-field-message\" rows=\"4\" placeholder=\"D\u00e9tails de votre commande (produit et quantit\u00e9s)*.\" required=\"required\"><\/textarea>\t\t\t\t<\/div>\n\t\t\t\t\t\t\t\t<div class=\"elementor-field-group elementor-column elementor-field-type-submit elementor-col-100 e-form__buttons\">\n\t\t\t\t\t<button class=\"elementor-button elementor-size-sm\" type=\"submit\">\n\t\t\t\t\t\t<span class=\"elementor-button-content-wrapper\">\n\t\t\t\t\t\t\t\t\t\t\t\t\t\t\t\t\t\t\t\t\t\t<span class=\"elementor-button-text\">Envoyer<\/span>\n\t\t\t\t\t\t\t\t\t\t\t\t\t<\/span>\n\t\t\t\t\t<\/button>\n\t\t\t\t<\/div>\n\t\t\t<\/div>\n\t\t<\/form>\n\t\t\t\t\t\t<\/div>\n\t\t\t\t<\/div>\n\t\t\t\t<div class=\"elementor-element elementor-element-62031d1 elementor-widget elementor-widget-text-editor\" data-id=\"62031d1\" data-element_type=\"widget\" data-e-type=\"widget\" data-widget_type=\"text-editor.default\">\n\t\t\t\t<div class=\"elementor-widget-container\">\n\t\t\t\t\t\t\t\t\t*Vous recevrez une confirmation de commande dans les 24 heures suivant la r\u00e9ception de votre commande \n(du lundi au vendredi). Paiement : Une facture vous sera envoy\u00e9e avec la confirmation de commande.   \n\t\t\t\t\t\t\t\t<\/div>\n\t\t\t\t<\/div>\n\t\t\t\t\t<\/div>\n\t\t\t\t<\/div>\n\t\t\t\t<\/div>\n\t\t","protected":false},"excerpt":{"rendered":"<p>ENTRETIEN ENTRETIEN Beaut\u00e9 intemporelle. L&rsquo;entretien appropri\u00e9 est d\u00e9terminant pour la long\u00e9vit\u00e9 et la beaut\u00e9 de votre plan de travail de cuisine. Que ce soit la pierre naturelle, le composite de quartz ou la c\u00e9ramique &#8212; chaque mat\u00e9riau a ses propres exigences et caract\u00e9ristiques. Avec les bons conseils d&rsquo;entretien, vous pr\u00e9servez non seulement la beaut\u00e9 naturelle [&hellip;]<\/p>\n","protected":false},"author":4,"featured_media":0,"parent":3207,"menu_order":0,"comment_status":"closed","ping_status":"closed","template":"elementor_header_footer","meta":{"footnotes":""},"class_list":["post-6779","page","type-page","status-publish","hentry"],"_links":{"self":[{"href":"https:\/\/steinform.ch\/fr\/wp-json\/wp\/v2\/pages\/6779","targetHints":{"allow":["GET"]}}],"collection":[{"href":"https:\/\/steinform.ch\/fr\/wp-json\/wp\/v2\/pages"}],"about":[{"href":"https:\/\/steinform.ch\/fr\/wp-json\/wp\/v2\/types\/page"}],"author":[{"embeddable":true,"href":"https:\/\/steinform.ch\/fr\/wp-json\/wp\/v2\/users\/4"}],"replies":[{"embeddable":true,"href":"https:\/\/steinform.ch\/fr\/wp-json\/wp\/v2\/comments?post=6779"}],"version-history":[{"count":27,"href":"https:\/\/steinform.ch\/fr\/wp-json\/wp\/v2\/pages\/6779\/revisions"}],"predecessor-version":[{"id":7324,"href":"https:\/\/steinform.ch\/fr\/wp-json\/wp\/v2\/pages\/6779\/revisions\/7324"}],"up":[{"embeddable":true,"href":"https:\/\/steinform.ch\/fr\/wp-json\/wp\/v2\/pages\/3207"}],"wp:attachment":[{"href":"https:\/\/steinform.ch\/fr\/wp-json\/wp\/v2\/media?parent=6779"}],"curies":[{"name":"wp","href":"https:\/\/api.w.org\/{rel}","templated":true}]}}